{"id":2558,"date":"2026-01-21T15:42:05","date_gmt":"2026-01-21T14:42:05","guid":{"rendered":"https:\/\/kymiashop.com\/fr_fr\/?post_type=product&#038;p=2558"},"modified":"2026-01-22T10:42:31","modified_gmt":"2026-01-22T09:42:31","slug":"cod","status":"publish","type":"product","link":"https:\/\/kymiashop.com\/ar\/product\/cod\/","title":{"rendered":"COD"},"content":{"rendered":"<h3 data-start=\"1414\" data-end=\"1425\"><strong data-start=\"1418\" data-end=\"1425\">COD<\/strong><\/h3>\n<p data-start=\"1426\" data-end=\"1637\"><strong data-start=\"1426\" data-end=\"1443\">Description :<\/strong> Tensioactif non ionique.<br data-start=\"1468\" data-end=\"1471\" \/><strong data-start=\"1471\" data-end=\"1485\">Fonction :<\/strong> Nettoyage et \u00e9mulsification.<br data-start=\"1514\" data-end=\"1517\" \/><strong data-start=\"1517\" data-end=\"1535\">Applications :<\/strong> D\u00e9tergents, nettoyants industriels.<br data-start=\"1571\" data-end=\"1574\" \/><strong data-start=\"1574\" data-end=\"1589\">Avantages :<\/strong> Bonne compatibilit\u00e9 avec d\u2019autres tensioactifs.<\/p>","protected":false},"excerpt":{"rendered":"<p>COD Description : Tensioactif non ionique.Fonction : Nettoyage et \u00e9mulsification.Applications : D\u00e9tergents, nettoyants industriels.Avantages : Bonne compatibilit\u00e9 avec d\u2019autres tensioactifs.<\/p>","protected":false},"featured_media":2373,"template":"","meta":[],"product_brand":[],"product_cat":[15],"product_tag":[],"class_list":{"0":"post-2558","1":"product","2":"type-product","3":"status-publish","4":"has-post-thumbnail","6":"product_cat-uncategorized","8":"first","9":"instock","10":"taxable","11":"shipping-taxable","12":"purchasable","13":"product-type-simple"},"_links":{"self":[{"href":"https:\/\/kymiashop.com\/ar\/wp-json\/wp\/v2\/product\/2558","targetHints":{"allow":["GET"]}}],"collection":[{"href":"https:\/\/kymiashop.com\/ar\/wp-json\/wp\/v2\/product"}],"about":[{"href":"https:\/\/kymiashop.com\/ar\/wp-json\/wp\/v2\/types\/product"}],"wp:featuredmedia":[{"embeddable":true,"href":"https:\/\/kymiashop.com\/ar\/wp-json\/wp\/v2\/media\/2373"}],"wp:attachment":[{"href":"https:\/\/kymiashop.com\/ar\/wp-json\/wp\/v2\/media?parent=2558"}],"wp:term":[{"taxonomy":"product_brand","embeddable":true,"href":"https:\/\/kymiashop.com\/ar\/wp-json\/wp\/v2\/product_brand?post=2558"},{"taxonomy":"product_cat","embeddable":true,"href":"https:\/\/kymiashop.com\/ar\/wp-json\/wp\/v2\/product_cat?post=2558"},{"taxonomy":"product_tag","embeddable":true,"href":"https:\/\/kymiashop.com\/ar\/wp-json\/wp\/v2\/product_tag?post=2558"}],"curies":[{"name":"wp","href":"https:\/\/api.w.org\/{rel}","templated":true}]}}