{"id":2559,"date":"2026-01-21T15:44:32","date_gmt":"2026-01-21T14:44:32","guid":{"rendered":"https:\/\/kymiashop.com\/fr_fr\/?post_type=product&#038;p=2559"},"modified":"2026-01-22T16:38:26","modified_gmt":"2026-01-22T15:38:26","slug":"acide-sulfonique","status":"publish","type":"product","link":"https:\/\/kymiashop.com\/ar\/product\/acide-sulfonique\/","title":{"rendered":"ACIDE SULFONIQUE"},"content":{"rendered":"<h3 data-start=\"2702\" data-end=\"2726\"><strong data-start=\"2706\" data-end=\"2726\">ACIDE SULFONIQUE<\/strong><\/h3>\n<p data-start=\"2727\" data-end=\"2978\"><strong data-start=\"2727\" data-end=\"2744\">Description :<\/strong> Tensioactif anionique tr\u00e8s utilis\u00e9 dans les d\u00e9tergents.<br data-start=\"2800\" data-end=\"2803\" \/><strong data-start=\"2803\" data-end=\"2817\">Fonction :<\/strong> Nettoyage et d\u00e9graissage.<br data-start=\"2843\" data-end=\"2846\" \/><strong data-start=\"2846\" data-end=\"2864\">Applications :<\/strong> Liquides vaisselle, lessives, nettoyants industriels.<br data-start=\"2918\" data-end=\"2921\" \/><strong data-start=\"2921\" data-end=\"2936\">Avantages :<\/strong> Excellente efficacit\u00e9 m\u00eame en eau dure.<\/p>","protected":false},"excerpt":{"rendered":"<p>ACIDE SULFONIQUE Description : Tensioactif anionique tr\u00e8s utilis\u00e9 dans les d\u00e9tergents.Fonction : Nettoyage et d\u00e9graissage.Applications : Liquides vaisselle, lessives, nettoyants industriels.Avantages : Excellente efficacit\u00e9 m\u00eame en eau dure.<\/p>","protected":false},"featured_media":2732,"template":"","meta":[],"product_brand":[],"product_cat":[15],"product_tag":[],"class_list":{"0":"post-2559","1":"product","2":"type-product","3":"status-publish","4":"has-post-thumbnail","6":"product_cat-uncategorized","8":"first","9":"instock","10":"taxable","11":"shipping-taxable","12":"purchasable","13":"product-type-simple"},"_links":{"self":[{"href":"https:\/\/kymiashop.com\/ar\/wp-json\/wp\/v2\/product\/2559","targetHints":{"allow":["GET"]}}],"collection":[{"href":"https:\/\/kymiashop.com\/ar\/wp-json\/wp\/v2\/product"}],"about":[{"href":"https:\/\/kymiashop.com\/ar\/wp-json\/wp\/v2\/types\/product"}],"wp:featuredmedia":[{"embeddable":true,"href":"https:\/\/kymiashop.com\/ar\/wp-json\/wp\/v2\/media\/2732"}],"wp:attachment":[{"href":"https:\/\/kymiashop.com\/ar\/wp-json\/wp\/v2\/media?parent=2559"}],"wp:term":[{"taxonomy":"product_brand","embeddable":true,"href":"https:\/\/kymiashop.com\/ar\/wp-json\/wp\/v2\/product_brand?post=2559"},{"taxonomy":"product_cat","embeddable":true,"href":"https:\/\/kymiashop.com\/ar\/wp-json\/wp\/v2\/product_cat?post=2559"},{"taxonomy":"product_tag","embeddable":true,"href":"https:\/\/kymiashop.com\/ar\/wp-json\/wp\/v2\/product_tag?post=2559"}],"curies":[{"name":"wp","href":"https:\/\/api.w.org\/{rel}","templated":true}]}}