{"id":2560,"date":"2026-01-21T15:45:21","date_gmt":"2026-01-21T14:45:21","guid":{"rendered":"https:\/\/kymiashop.com\/fr_fr\/?post_type=product&#038;p=2560"},"modified":"2026-01-22T09:33:55","modified_gmt":"2026-01-22T08:33:55","slug":"ab-30","status":"publish","type":"product","link":"https:\/\/kymiashop.com\/ar\/product\/ab-30\/","title":{"rendered":"AB 30"},"content":{"rendered":"","protected":false},"excerpt":{"rendered":"<h3 data-start=\"221\" data-end=\"234\"><strong data-start=\"225\" data-end=\"234\">AB 30<\/strong><\/h3>\n<p data-start=\"235\" data-end=\"581\"><strong data-start=\"235\" data-end=\"252\">Description :<\/strong> Tensioactif anionique utilis\u00e9 dans les formulations liquides.<br data-start=\"328\" data-end=\"331\" \/><strong data-start=\"331\" data-end=\"345\">Fonction :<\/strong> Agent nettoyant et moussant.<br data-start=\"374\" data-end=\"377\" \/><strong data-start=\"377\" data-end=\"395\">Applications :<\/strong> Lessives liquides, nettoyants m\u00e9nagers, d\u00e9graissants, produits cosm\u00e9tiques.\u00a0<br data-start=\"449\" data-end=\"452\" \/><strong data-start=\"452\" data-end=\"467\">Avantages :<\/strong> Bonne capacit\u00e9 d\u00e9tergente, mousse stable.<br data-start=\"509\" data-end=\"512\" \/><strong data-start=\"512\" data-end=\"529\">Pr\u00e9cautions :<\/strong> Usage industriel recommand\u00e9, respecter les dosages.<\/p>","protected":false},"featured_media":2375,"template":"","meta":[],"product_brand":[],"product_cat":[30],"product_tag":[],"class_list":{"0":"post-2560","1":"product","2":"type-product","3":"status-publish","4":"has-post-thumbnail","6":"product_cat-tensioactifs","8":"first","9":"instock","10":"taxable","11":"shipping-taxable","12":"purchasable","13":"product-type-simple"},"_links":{"self":[{"href":"https:\/\/kymiashop.com\/ar\/wp-json\/wp\/v2\/product\/2560","targetHints":{"allow":["GET"]}}],"collection":[{"href":"https:\/\/kymiashop.com\/ar\/wp-json\/wp\/v2\/product"}],"about":[{"href":"https:\/\/kymiashop.com\/ar\/wp-json\/wp\/v2\/types\/product"}],"wp:featuredmedia":[{"embeddable":true,"href":"https:\/\/kymiashop.com\/ar\/wp-json\/wp\/v2\/media\/2375"}],"wp:attachment":[{"href":"https:\/\/kymiashop.com\/ar\/wp-json\/wp\/v2\/media?parent=2560"}],"wp:term":[{"taxonomy":"product_brand","embeddable":true,"href":"https:\/\/kymiashop.com\/ar\/wp-json\/wp\/v2\/product_brand?post=2560"},{"taxonomy":"product_cat","embeddable":true,"href":"https:\/\/kymiashop.com\/ar\/wp-json\/wp\/v2\/product_cat?post=2560"},{"taxonomy":"product_tag","embeddable":true,"href":"https:\/\/kymiashop.com\/ar\/wp-json\/wp\/v2\/product_tag?post=2560"}],"curies":[{"name":"wp","href":"https:\/\/api.w.org\/{rel}","templated":true}]}}