{"id":2563,"date":"2026-01-21T15:49:30","date_gmt":"2026-01-21T14:49:30","guid":{"rendered":"https:\/\/kymiashop.com\/fr_fr\/?post_type=product&#038;p=2563"},"modified":"2026-01-22T09:52:54","modified_gmt":"2026-01-22T08:52:54","slug":"acide-lactique","status":"publish","type":"product","link":"https:\/\/kymiashop.com\/ar\/product\/acide-lactique\/","title":{"rendered":"ACIDE LACTIQUE"},"content":{"rendered":"<h3 data-start=\"1560\" data-end=\"1582\"><strong data-start=\"1564\" data-end=\"1582\">ACIDE LACTIQUE<\/strong><\/h3>\n<p data-start=\"1583\" data-end=\"1836\"><strong data-start=\"1583\" data-end=\"1600\">Description :<\/strong> Acide organique issu de la fermentation.<br data-start=\"1641\" data-end=\"1644\" \/><strong data-start=\"1644\" data-end=\"1658\">Fonction :<\/strong> R\u00e9gulateur de pH, exfoliant doux.<br data-start=\"1692\" data-end=\"1695\" \/><strong data-start=\"1695\" data-end=\"1713\">Applications :<\/strong> Cosm\u00e9tiques, produits de nettoyage.<br data-start=\"1749\" data-end=\"1752\" \/><strong data-start=\"1752\" data-end=\"1767\">Avantages :<\/strong> Am\u00e9liore la texture de la peau, compatible avec les peaux sensibles.<\/p>","protected":false},"excerpt":{"rendered":"<p>ACIDE LACTIQUE Description : Acide organique issu de la fermentation.Fonction : R\u00e9gulateur de pH, exfoliant doux.Applications : Cosm\u00e9tiques, produits de nettoyage.Avantages : Am\u00e9liore la texture de la peau, compatible avec les peaux sensibles.<\/p>","protected":false},"featured_media":2381,"template":"","meta":[],"product_brand":[],"product_cat":[15],"product_tag":[],"class_list":{"0":"post-2563","1":"product","2":"type-product","3":"status-publish","4":"has-post-thumbnail","6":"product_cat-uncategorized","8":"first","9":"instock","10":"taxable","11":"shipping-taxable","12":"product-type-simple"},"_links":{"self":[{"href":"https:\/\/kymiashop.com\/ar\/wp-json\/wp\/v2\/product\/2563","targetHints":{"allow":["GET"]}}],"collection":[{"href":"https:\/\/kymiashop.com\/ar\/wp-json\/wp\/v2\/product"}],"about":[{"href":"https:\/\/kymiashop.com\/ar\/wp-json\/wp\/v2\/types\/product"}],"wp:featuredmedia":[{"embeddable":true,"href":"https:\/\/kymiashop.com\/ar\/wp-json\/wp\/v2\/media\/2381"}],"wp:attachment":[{"href":"https:\/\/kymiashop.com\/ar\/wp-json\/wp\/v2\/media?parent=2563"}],"wp:term":[{"taxonomy":"product_brand","embeddable":true,"href":"https:\/\/kymiashop.com\/ar\/wp-json\/wp\/v2\/product_brand?post=2563"},{"taxonomy":"product_cat","embeddable":true,"href":"https:\/\/kymiashop.com\/ar\/wp-json\/wp\/v2\/product_cat?post=2563"},{"taxonomy":"product_tag","embeddable":true,"href":"https:\/\/kymiashop.com\/ar\/wp-json\/wp\/v2\/product_tag?post=2563"}],"curies":[{"name":"wp","href":"https:\/\/api.w.org\/{rel}","templated":true}]}}