{"id":2569,"date":"2026-01-21T15:55:05","date_gmt":"2026-01-21T14:55:05","guid":{"rendered":"https:\/\/kymiashop.com\/fr_fr\/?post_type=product&#038;p=2569"},"modified":"2026-01-22T10:24:55","modified_gmt":"2026-01-22T09:24:55","slug":"arlipon-tt","status":"publish","type":"product","link":"https:\/\/kymiashop.com\/ar\/product\/arlipon-tt\/","title":{"rendered":"ARLIPON TT"},"content":{"rendered":"<h3 data-start=\"4242\" data-end=\"4260\"><strong data-start=\"4246\" data-end=\"4260\">ARLIPON TT<\/strong><\/h3>\n<p data-start=\"4261\" data-end=\"4449\"><strong data-start=\"4261\" data-end=\"4278\">Description :<\/strong> Tensioactif doux non ionique.<br data-start=\"4308\" data-end=\"4311\" \/><strong data-start=\"4311\" data-end=\"4325\">Fonction :<\/strong> Nettoyage et \u00e9mulsification.<br data-start=\"4354\" data-end=\"4357\" \/><strong data-start=\"4357\" data-end=\"4375\">Applications :<\/strong> Cosm\u00e9tiques, produits lavants.<br data-start=\"4406\" data-end=\"4409\" \/><strong data-start=\"4409\" data-end=\"4424\">Avantages :<\/strong> Bonne tol\u00e9rance cutan\u00e9e.<\/p>","protected":false},"excerpt":{"rendered":"<p>ARLIPON TT Description : Tensioactif doux non ionique.Fonction : Nettoyage et \u00e9mulsification.Applications : Cosm\u00e9tiques, produits lavants.Avantages : Bonne tol\u00e9rance cutan\u00e9e.<\/p>","protected":false},"featured_media":2387,"template":"","meta":[],"product_brand":[],"product_cat":[15],"product_tag":[],"class_list":{"0":"post-2569","1":"product","2":"type-product","3":"status-publish","4":"has-post-thumbnail","6":"product_cat-uncategorized","8":"first","9":"instock","10":"taxable","11":"shipping-taxable","12":"product-type-simple"},"_links":{"self":[{"href":"https:\/\/kymiashop.com\/ar\/wp-json\/wp\/v2\/product\/2569","targetHints":{"allow":["GET"]}}],"collection":[{"href":"https:\/\/kymiashop.com\/ar\/wp-json\/wp\/v2\/product"}],"about":[{"href":"https:\/\/kymiashop.com\/ar\/wp-json\/wp\/v2\/types\/product"}],"wp:featuredmedia":[{"embeddable":true,"href":"https:\/\/kymiashop.com\/ar\/wp-json\/wp\/v2\/media\/2387"}],"wp:attachment":[{"href":"https:\/\/kymiashop.com\/ar\/wp-json\/wp\/v2\/media?parent=2569"}],"wp:term":[{"taxonomy":"product_brand","embeddable":true,"href":"https:\/\/kymiashop.com\/ar\/wp-json\/wp\/v2\/product_brand?post=2569"},{"taxonomy":"product_cat","embeddable":true,"href":"https:\/\/kymiashop.com\/ar\/wp-json\/wp\/v2\/product_cat?post=2569"},{"taxonomy":"product_tag","embeddable":true,"href":"https:\/\/kymiashop.com\/ar\/wp-json\/wp\/v2\/product_tag?post=2569"}],"curies":[{"name":"wp","href":"https:\/\/api.w.org\/{rel}","templated":true}]}}