{"id":2573,"date":"2026-01-21T15:59:40","date_gmt":"2026-01-21T14:59:40","guid":{"rendered":"https:\/\/kymiashop.com\/fr_fr\/?post_type=product&#038;p=2573"},"modified":"2026-01-22T10:36:42","modified_gmt":"2026-01-22T09:36:42","slug":"carbopol-aqua","status":"publish","type":"product","link":"https:\/\/kymiashop.com\/ar\/product\/carbopol-aqua\/","title":{"rendered":"CARBOPOL AQUA"},"content":{"rendered":"<h3 data-start=\"6129\" data-end=\"6150\"><strong data-start=\"6133\" data-end=\"6150\">CARBOPOL AQUA<\/strong><\/h3>\n<p data-start=\"6151\" data-end=\"6339\"><strong data-start=\"6151\" data-end=\"6168\">Description :<\/strong> Version pr\u00e9-dispers\u00e9e du Carbopol.<br data-start=\"6203\" data-end=\"6206\" \/><strong data-start=\"6206\" data-end=\"6220\">Fonction :<\/strong> \u00c9paississant facile \u00e0 utiliser.<br data-start=\"6252\" data-end=\"6255\" \/><strong data-start=\"6255\" data-end=\"6273\">Applications :<\/strong> Gels aqueux, cosm\u00e9tiques.<br data-start=\"6299\" data-end=\"6302\" \/><strong data-start=\"6302\" data-end=\"6317\">Avantages :<\/strong> Mise en \u0153uvre rapide.<\/p>","protected":false},"excerpt":{"rendered":"<p>CARBOPOL AQUA Description : Version pr\u00e9-dispers\u00e9e du Carbopol.Fonction : \u00c9paississant facile \u00e0 utiliser.Applications : Gels aqueux, cosm\u00e9tiques.Avantages : Mise en \u0153uvre rapide.<\/p>","protected":false},"featured_media":2392,"template":"","meta":[],"product_brand":[],"product_cat":[15],"product_tag":[],"class_list":{"0":"post-2573","1":"product","2":"type-product","3":"status-publish","4":"has-post-thumbnail","6":"product_cat-uncategorized","8":"first","9":"instock","10":"taxable","11":"shipping-taxable","12":"product-type-simple"},"_links":{"self":[{"href":"https:\/\/kymiashop.com\/ar\/wp-json\/wp\/v2\/product\/2573","targetHints":{"allow":["GET"]}}],"collection":[{"href":"https:\/\/kymiashop.com\/ar\/wp-json\/wp\/v2\/product"}],"about":[{"href":"https:\/\/kymiashop.com\/ar\/wp-json\/wp\/v2\/types\/product"}],"wp:featuredmedia":[{"embeddable":true,"href":"https:\/\/kymiashop.com\/ar\/wp-json\/wp\/v2\/media\/2392"}],"wp:attachment":[{"href":"https:\/\/kymiashop.com\/ar\/wp-json\/wp\/v2\/media?parent=2573"}],"wp:term":[{"taxonomy":"product_brand","embeddable":true,"href":"https:\/\/kymiashop.com\/ar\/wp-json\/wp\/v2\/product_brand?post=2573"},{"taxonomy":"product_cat","embeddable":true,"href":"https:\/\/kymiashop.com\/ar\/wp-json\/wp\/v2\/product_cat?post=2573"},{"taxonomy":"product_tag","embeddable":true,"href":"https:\/\/kymiashop.com\/ar\/wp-json\/wp\/v2\/product_tag?post=2573"}],"curies":[{"name":"wp","href":"https:\/\/api.w.org\/{rel}","templated":true}]}}