{"id":2574,"date":"2026-01-21T16:00:19","date_gmt":"2026-01-21T15:00:19","guid":{"rendered":"https:\/\/kymiashop.com\/fr_fr\/?post_type=product&#038;p=2574"},"modified":"2026-01-22T10:40:41","modified_gmt":"2026-01-22T09:40:41","slug":"cetiol-he","status":"publish","type":"product","link":"https:\/\/kymiashop.com\/ar\/product\/cetiol-he\/","title":{"rendered":"CETIOL HE"},"content":{"rendered":"<h3 data-start=\"6346\" data-end=\"6363\"><strong data-start=\"6350\" data-end=\"6363\">CETIOL HE<\/strong><\/h3>\n<p data-start=\"6364\" data-end=\"6519\"><strong data-start=\"6364\" data-end=\"6381\">Description :<\/strong> \u00c9mollient l\u00e9ger.<br data-start=\"6398\" data-end=\"6401\" \/><strong data-start=\"6401\" data-end=\"6415\">Fonction :<\/strong> Am\u00e9lioration du toucher.<br data-start=\"6440\" data-end=\"6443\" \/><strong data-start=\"6443\" data-end=\"6461\">Applications :<\/strong> Cr\u00e8mes, lotions.<br data-start=\"6478\" data-end=\"6481\" \/><strong data-start=\"6481\" data-end=\"6496\">Avantages :<\/strong> Toucher sec et soyeux.<\/p>","protected":false},"excerpt":{"rendered":"<p>CETIOL HE Description : \u00c9mollient l\u00e9ger.Fonction : Am\u00e9lioration du toucher.Applications : Cr\u00e8mes, lotions.Avantages : Toucher sec et soyeux.<\/p>","protected":false},"featured_media":2393,"template":"","meta":[],"product_brand":[],"product_cat":[15],"product_tag":[],"class_list":{"0":"post-2574","1":"product","2":"type-product","3":"status-publish","4":"has-post-thumbnail","6":"product_cat-uncategorized","8":"first","9":"instock","10":"taxable","11":"shipping-taxable","12":"purchasable","13":"product-type-simple"},"_links":{"self":[{"href":"https:\/\/kymiashop.com\/ar\/wp-json\/wp\/v2\/product\/2574","targetHints":{"allow":["GET"]}}],"collection":[{"href":"https:\/\/kymiashop.com\/ar\/wp-json\/wp\/v2\/product"}],"about":[{"href":"https:\/\/kymiashop.com\/ar\/wp-json\/wp\/v2\/types\/product"}],"wp:featuredmedia":[{"embeddable":true,"href":"https:\/\/kymiashop.com\/ar\/wp-json\/wp\/v2\/media\/2393"}],"wp:attachment":[{"href":"https:\/\/kymiashop.com\/ar\/wp-json\/wp\/v2\/media?parent=2574"}],"wp:term":[{"taxonomy":"product_brand","embeddable":true,"href":"https:\/\/kymiashop.com\/ar\/wp-json\/wp\/v2\/product_brand?post=2574"},{"taxonomy":"product_cat","embeddable":true,"href":"https:\/\/kymiashop.com\/ar\/wp-json\/wp\/v2\/product_cat?post=2574"},{"taxonomy":"product_tag","embeddable":true,"href":"https:\/\/kymiashop.com\/ar\/wp-json\/wp\/v2\/product_tag?post=2574"}],"curies":[{"name":"wp","href":"https:\/\/api.w.org\/{rel}","templated":true}]}}