{"id":2576,"date":"2026-01-21T16:02:09","date_gmt":"2026-01-21T15:02:09","guid":{"rendered":"https:\/\/kymiashop.com\/fr_fr\/?post_type=product&#038;p=2576"},"modified":"2026-01-22T10:39:47","modified_gmt":"2026-01-22T09:39:47","slug":"cetiol-oe","status":"publish","type":"product","link":"https:\/\/kymiashop.com\/ar\/product\/cetiol-oe\/","title":{"rendered":"CETIOL OE"},"content":{"rendered":"<h3 data-start=\"686\" data-end=\"703\"><strong data-start=\"690\" data-end=\"703\">CETIOL OE<\/strong><\/h3>\n<p data-start=\"704\" data-end=\"911\"><strong data-start=\"704\" data-end=\"721\">Description :<\/strong> \u00c9mollient polyvalent am\u00e9liorant la texture.<br data-start=\"765\" data-end=\"768\" \/><strong data-start=\"768\" data-end=\"782\">Fonction :<\/strong> Assouplissement de la peau.<br data-start=\"810\" data-end=\"813\" \/><strong data-start=\"813\" data-end=\"831\">Applications :<\/strong> Cosm\u00e9tiques visage et corps.<br data-start=\"860\" data-end=\"863\" \/><strong data-start=\"863\" data-end=\"878\">Avantages :<\/strong> Sensation l\u00e9g\u00e8re et confortable.<\/p>","protected":false},"excerpt":{"rendered":"<p>CETIOL OE Description : \u00c9mollient polyvalent am\u00e9liorant la texture.Fonction : Assouplissement de la peau.Applications : Cosm\u00e9tiques visage et corps.Avantages : Sensation l\u00e9g\u00e8re et confortable.<\/p>","protected":false},"featured_media":2395,"template":"","meta":[],"product_brand":[],"product_cat":[15],"product_tag":[],"class_list":{"0":"post-2576","1":"product","2":"type-product","3":"status-publish","4":"has-post-thumbnail","6":"product_cat-uncategorized","8":"first","9":"instock","10":"taxable","11":"shipping-taxable","12":"product-type-simple"},"_links":{"self":[{"href":"https:\/\/kymiashop.com\/ar\/wp-json\/wp\/v2\/product\/2576","targetHints":{"allow":["GET"]}}],"collection":[{"href":"https:\/\/kymiashop.com\/ar\/wp-json\/wp\/v2\/product"}],"about":[{"href":"https:\/\/kymiashop.com\/ar\/wp-json\/wp\/v2\/types\/product"}],"wp:featuredmedia":[{"embeddable":true,"href":"https:\/\/kymiashop.com\/ar\/wp-json\/wp\/v2\/media\/2395"}],"wp:attachment":[{"href":"https:\/\/kymiashop.com\/ar\/wp-json\/wp\/v2\/media?parent=2576"}],"wp:term":[{"taxonomy":"product_brand","embeddable":true,"href":"https:\/\/kymiashop.com\/ar\/wp-json\/wp\/v2\/product_brand?post=2576"},{"taxonomy":"product_cat","embeddable":true,"href":"https:\/\/kymiashop.com\/ar\/wp-json\/wp\/v2\/product_cat?post=2576"},{"taxonomy":"product_tag","embeddable":true,"href":"https:\/\/kymiashop.com\/ar\/wp-json\/wp\/v2\/product_tag?post=2576"}],"curies":[{"name":"wp","href":"https:\/\/api.w.org\/{rel}","templated":true}]}}