{"id":2579,"date":"2026-01-21T16:07:15","date_gmt":"2026-01-21T15:07:15","guid":{"rendered":"https:\/\/kymiashop.com\/fr_fr\/?post_type=product&#038;p=2579"},"modified":"2026-01-22T11:07:12","modified_gmt":"2026-01-22T10:07:12","slug":"dehyquart-a","status":"publish","type":"product","link":"https:\/\/kymiashop.com\/ar\/product\/dehyquart-a\/","title":{"rendered":"DEHYQUART A"},"content":{"rendered":"<h3 data-start=\"5344\" data-end=\"5363\"><strong data-start=\"5348\" data-end=\"5363\">DEHYQUART A<\/strong><\/h3>\n<p data-start=\"5364\" data-end=\"5576\"><strong data-start=\"5364\" data-end=\"5381\">Description :<\/strong> Tensioactif cationique conditionneur.<br data-start=\"5419\" data-end=\"5422\" \/><strong data-start=\"5422\" data-end=\"5436\">Fonction :<\/strong> Assouplissement et d\u00e9m\u00ealage.<br data-start=\"5465\" data-end=\"5468\" \/><strong data-start=\"5468\" data-end=\"5486\">Applications :<\/strong> Apr\u00e8s-shampoings, soins capillaires.<br data-start=\"5523\" data-end=\"5526\" \/><strong data-start=\"5526\" data-end=\"5541\">Avantages :<\/strong> Cheveux doux et faciles \u00e0 coiffer.<\/p>","protected":false},"excerpt":{"rendered":"<p>DEHYQUART A Description : Tensioactif cationique conditionneur.Fonction : Assouplissement et d\u00e9m\u00ealage.Applications : Apr\u00e8s-shampoings, soins capillaires.Avantages : Cheveux doux et faciles \u00e0 coiffer.<\/p>","protected":false},"featured_media":2401,"template":"","meta":[],"product_brand":[],"product_cat":[15],"product_tag":[],"class_list":{"0":"post-2579","1":"product","2":"type-product","3":"status-publish","4":"has-post-thumbnail","6":"product_cat-uncategorized","8":"first","9":"instock","10":"taxable","11":"shipping-taxable","12":"product-type-simple"},"_links":{"self":[{"href":"https:\/\/kymiashop.com\/ar\/wp-json\/wp\/v2\/product\/2579","targetHints":{"allow":["GET"]}}],"collection":[{"href":"https:\/\/kymiashop.com\/ar\/wp-json\/wp\/v2\/product"}],"about":[{"href":"https:\/\/kymiashop.com\/ar\/wp-json\/wp\/v2\/types\/product"}],"wp:featuredmedia":[{"embeddable":true,"href":"https:\/\/kymiashop.com\/ar\/wp-json\/wp\/v2\/media\/2401"}],"wp:attachment":[{"href":"https:\/\/kymiashop.com\/ar\/wp-json\/wp\/v2\/media?parent=2579"}],"wp:term":[{"taxonomy":"product_brand","embeddable":true,"href":"https:\/\/kymiashop.com\/ar\/wp-json\/wp\/v2\/product_brand?post=2579"},{"taxonomy":"product_cat","embeddable":true,"href":"https:\/\/kymiashop.com\/ar\/wp-json\/wp\/v2\/product_cat?post=2579"},{"taxonomy":"product_tag","embeddable":true,"href":"https:\/\/kymiashop.com\/ar\/wp-json\/wp\/v2\/product_tag?post=2579"}],"curies":[{"name":"wp","href":"https:\/\/api.w.org\/{rel}","templated":true}]}}