{"id":2581,"date":"2026-01-21T16:08:59","date_gmt":"2026-01-21T15:08:59","guid":{"rendered":"https:\/\/kymiashop.com\/fr_fr\/?post_type=product&#038;p=2581"},"modified":"2026-01-22T16:43:42","modified_gmt":"2026-01-22T15:43:42","slug":"dop","status":"publish","type":"product","link":"https:\/\/kymiashop.com\/ar\/product\/dop\/","title":{"rendered":"DACTYLE PHTHALATE (DOP)"},"content":{"rendered":"<h3 data-start=\"5086\" data-end=\"5117\"><strong data-start=\"5090\" data-end=\"5117\">DACTYLE PHTHALATE (DOP)<\/strong><\/h3>\n<p data-start=\"5118\" data-end=\"5337\"><strong data-start=\"5118\" data-end=\"5135\">Description :<\/strong> Plastifiant industriel.<br data-start=\"5159\" data-end=\"5162\" \/><strong data-start=\"5162\" data-end=\"5176\">Fonction :<\/strong> Am\u00e9lioration de la flexibilit\u00e9.<br data-start=\"5208\" data-end=\"5211\" \/><strong data-start=\"5211\" data-end=\"5229\">Applications :<\/strong> Industrie (usage non cosm\u00e9tique).<br data-start=\"5263\" data-end=\"5266\" \/><strong data-start=\"5266\" data-end=\"5281\">Avantages :<\/strong> Haute efficacit\u00e9.<br data-start=\"5299\" data-end=\"5302\" \/><strong data-start=\"5302\" data-end=\"5319\">Pr\u00e9cautions :<\/strong> Usage r\u00e9glement\u00e9.<\/p>","protected":false},"excerpt":{"rendered":"<p>DACTYLE PHTHALATE (DOP) Description : Plastifiant industriel.Fonction : Am\u00e9lioration de la flexibilit\u00e9.Applications : Industrie (usage non cosm\u00e9tique).Avantages : Haute efficacit\u00e9.Pr\u00e9cautions : Usage r\u00e9glement\u00e9.<\/p>","protected":false},"featured_media":2404,"template":"","meta":[],"product_brand":[],"product_cat":[15],"product_tag":[],"class_list":{"0":"post-2581","1":"product","2":"type-product","3":"status-publish","4":"has-post-thumbnail","6":"product_cat-uncategorized","8":"first","9":"instock","10":"taxable","11":"shipping-taxable","12":"product-type-simple"},"_links":{"self":[{"href":"https:\/\/kymiashop.com\/ar\/wp-json\/wp\/v2\/product\/2581","targetHints":{"allow":["GET"]}}],"collection":[{"href":"https:\/\/kymiashop.com\/ar\/wp-json\/wp\/v2\/product"}],"about":[{"href":"https:\/\/kymiashop.com\/ar\/wp-json\/wp\/v2\/types\/product"}],"wp:featuredmedia":[{"embeddable":true,"href":"https:\/\/kymiashop.com\/ar\/wp-json\/wp\/v2\/media\/2404"}],"wp:attachment":[{"href":"https:\/\/kymiashop.com\/ar\/wp-json\/wp\/v2\/media?parent=2581"}],"wp:term":[{"taxonomy":"product_brand","embeddable":true,"href":"https:\/\/kymiashop.com\/ar\/wp-json\/wp\/v2\/product_brand?post=2581"},{"taxonomy":"product_cat","embeddable":true,"href":"https:\/\/kymiashop.com\/ar\/wp-json\/wp\/v2\/product_cat?post=2581"},{"taxonomy":"product_tag","embeddable":true,"href":"https:\/\/kymiashop.com\/ar\/wp-json\/wp\/v2\/product_tag?post=2581"}],"curies":[{"name":"wp","href":"https:\/\/api.w.org\/{rel}","templated":true}]}}