{"id":2582,"date":"2026-01-21T16:10:25","date_gmt":"2026-01-21T15:10:25","guid":{"rendered":"https:\/\/kymiashop.com\/fr_fr\/?post_type=product&#038;p=2582"},"modified":"2026-01-22T11:11:46","modified_gmt":"2026-01-22T10:11:46","slug":"dpg-dipropylene-glycol","status":"publish","type":"product","link":"https:\/\/kymiashop.com\/ar\/product\/dpg-dipropylene-glycol\/","title":{"rendered":"DPG Dipropyl\u00e8ne Glycol"},"content":{"rendered":"<h3 data-start=\"5979\" data-end=\"6011\"><strong data-start=\"5983\" data-end=\"6011\">DPG (Dipropyl\u00e8ne Glycol)<\/strong><\/h3>\n<p data-start=\"6012\" data-end=\"6182\"><strong data-start=\"6012\" data-end=\"6029\">Description :<\/strong> Solvant hydrophile.<br data-start=\"6049\" data-end=\"6052\" \/><strong data-start=\"6052\" data-end=\"6066\">Fonction :<\/strong> Support de parfum, solubilisation.<br data-start=\"6101\" data-end=\"6104\" \/><strong data-start=\"6104\" data-end=\"6122\">Applications :<\/strong> D\u00e9tergents, cosm\u00e9tiques.<br data-start=\"6147\" data-end=\"6150\" \/><strong data-start=\"6150\" data-end=\"6165\">Avantages :<\/strong> Bonne stabilit\u00e9.<\/p>","protected":false},"excerpt":{"rendered":"<p>DPG (Dipropyl\u00e8ne Glycol) Description : Solvant hydrophile.Fonction : Support de parfum, solubilisation.Applications : D\u00e9tergents, cosm\u00e9tiques.Avantages : Bonne stabilit\u00e9.<\/p>","protected":false},"featured_media":2405,"template":"","meta":[],"product_brand":[],"product_cat":[33,27,24,29],"product_tag":[],"class_list":{"0":"post-2582","1":"product","2":"type-product","3":"status-publish","4":"has-post-thumbnail","6":"product_cat-additifs-speciaux","7":"product_cat-emulsifiants-texturants","8":"product_cat-matierespremierescosmetiques","9":"product_cat-matieres-premieres-detergentes","11":"first","12":"instock","13":"taxable","14":"shipping-taxable","15":"product-type-simple"},"_links":{"self":[{"href":"https:\/\/kymiashop.com\/ar\/wp-json\/wp\/v2\/product\/2582","targetHints":{"allow":["GET"]}}],"collection":[{"href":"https:\/\/kymiashop.com\/ar\/wp-json\/wp\/v2\/product"}],"about":[{"href":"https:\/\/kymiashop.com\/ar\/wp-json\/wp\/v2\/types\/product"}],"wp:featuredmedia":[{"embeddable":true,"href":"https:\/\/kymiashop.com\/ar\/wp-json\/wp\/v2\/media\/2405"}],"wp:attachment":[{"href":"https:\/\/kymiashop.com\/ar\/wp-json\/wp\/v2\/media?parent=2582"}],"wp:term":[{"taxonomy":"product_brand","embeddable":true,"href":"https:\/\/kymiashop.com\/ar\/wp-json\/wp\/v2\/product_brand?post=2582"},{"taxonomy":"product_cat","embeddable":true,"href":"https:\/\/kymiashop.com\/ar\/wp-json\/wp\/v2\/product_cat?post=2582"},{"taxonomy":"product_tag","embeddable":true,"href":"https:\/\/kymiashop.com\/ar\/wp-json\/wp\/v2\/product_tag?post=2582"}],"curies":[{"name":"wp","href":"https:\/\/api.w.org\/{rel}","templated":true}]}}