{"id":2583,"date":"2026-01-21T16:11:26","date_gmt":"2026-01-21T15:11:26","guid":{"rendered":"https:\/\/kymiashop.com\/fr_fr\/?post_type=product&#038;p=2583"},"modified":"2026-01-22T11:28:19","modified_gmt":"2026-01-22T10:28:19","slug":"euperlan-pk-771","status":"publish","type":"product","link":"https:\/\/kymiashop.com\/ar\/product\/euperlan-pk-771\/","title":{"rendered":"EUPERLAN PK 771"},"content":{"rendered":"<h3 data-start=\"7007\" data-end=\"7030\"><strong data-start=\"7011\" data-end=\"7030\">EUPERLAN PK 771<\/strong><\/h3>\n<p data-start=\"7031\" data-end=\"7191\"><strong data-start=\"7031\" data-end=\"7048\">Description :<\/strong> Agent nacrant concentr\u00e9.<br data-start=\"7073\" data-end=\"7076\" \/><strong data-start=\"7076\" data-end=\"7090\">Fonction :<\/strong> Effet brillant et visuel.<br data-start=\"7116\" data-end=\"7119\" \/><strong data-start=\"7119\" data-end=\"7137\">Applications :<\/strong> Produits lavants.<br data-start=\"7155\" data-end=\"7158\" \/><strong data-start=\"7158\" data-end=\"7173\">Avantages :<\/strong> Stabilit\u00e9 \u00e9lev\u00e9e.<\/p>","protected":false},"excerpt":{"rendered":"<p>EUPERLAN PK 771 Description : Agent nacrant concentr\u00e9.Fonction : Effet brillant et visuel.Applications : Produits lavants.Avantages : Stabilit\u00e9 \u00e9lev\u00e9e.<\/p>","protected":false},"featured_media":2406,"template":"","meta":[],"product_brand":[],"product_cat":[15],"product_tag":[],"class_list":{"0":"post-2583","1":"product","2":"type-product","3":"status-publish","4":"has-post-thumbnail","6":"product_cat-uncategorized","8":"first","9":"instock","10":"taxable","11":"shipping-taxable","12":"product-type-simple"},"_links":{"self":[{"href":"https:\/\/kymiashop.com\/ar\/wp-json\/wp\/v2\/product\/2583","targetHints":{"allow":["GET"]}}],"collection":[{"href":"https:\/\/kymiashop.com\/ar\/wp-json\/wp\/v2\/product"}],"about":[{"href":"https:\/\/kymiashop.com\/ar\/wp-json\/wp\/v2\/types\/product"}],"wp:featuredmedia":[{"embeddable":true,"href":"https:\/\/kymiashop.com\/ar\/wp-json\/wp\/v2\/media\/2406"}],"wp:attachment":[{"href":"https:\/\/kymiashop.com\/ar\/wp-json\/wp\/v2\/media?parent=2583"}],"wp:term":[{"taxonomy":"product_brand","embeddable":true,"href":"https:\/\/kymiashop.com\/ar\/wp-json\/wp\/v2\/product_brand?post=2583"},{"taxonomy":"product_cat","embeddable":true,"href":"https:\/\/kymiashop.com\/ar\/wp-json\/wp\/v2\/product_cat?post=2583"},{"taxonomy":"product_tag","embeddable":true,"href":"https:\/\/kymiashop.com\/ar\/wp-json\/wp\/v2\/product_tag?post=2583"}],"curies":[{"name":"wp","href":"https:\/\/api.w.org\/{rel}","templated":true}]}}