{"id":2586,"date":"2026-01-21T16:13:43","date_gmt":"2026-01-21T15:13:43","guid":{"rendered":"https:\/\/kymiashop.com\/fr_fr\/?post_type=product&#038;p=2586"},"modified":"2026-01-22T09:59:22","modified_gmt":"2026-01-22T08:59:22","slug":"germacide","status":"publish","type":"product","link":"https:\/\/kymiashop.com\/ar\/product\/germacide\/","title":{"rendered":"GERMACIDE"},"content":{"rendered":"<h3 data-start=\"7414\" data-end=\"7431\"><strong data-start=\"7418\" data-end=\"7431\">GERMACIDE<\/strong><\/h3>\n<p data-start=\"7432\" data-end=\"7626\"><strong data-start=\"7432\" data-end=\"7449\">Description :<\/strong> Conservateur antimicrobien.<br data-start=\"7477\" data-end=\"7480\" \/><strong data-start=\"7480\" data-end=\"7494\">Fonction :<\/strong> Protection contre bact\u00e9ries et champignons.<br data-start=\"7538\" data-end=\"7541\" \/><strong data-start=\"7541\" data-end=\"7559\">Applications :<\/strong> D\u00e9tergents, cosm\u00e9tiques.<br data-start=\"7584\" data-end=\"7587\" \/><strong data-start=\"7587\" data-end=\"7602\">Avantages :<\/strong> Large spectre d\u2019action.<\/p>","protected":false},"excerpt":{"rendered":"<p>GERMACIDE Description : Conservateur antimicrobien.Fonction : Protection contre bact\u00e9ries et champignons.Applications : D\u00e9tergents, cosm\u00e9tiques.Avantages : Large spectre d\u2019action.<\/p>","protected":false},"featured_media":2409,"template":"","meta":[],"product_brand":[],"product_cat":[15],"product_tag":[],"class_list":{"0":"post-2586","1":"product","2":"type-product","3":"status-publish","4":"has-post-thumbnail","6":"product_cat-uncategorized","8":"first","9":"instock","10":"taxable","11":"shipping-taxable","12":"purchasable","13":"product-type-simple"},"_links":{"self":[{"href":"https:\/\/kymiashop.com\/ar\/wp-json\/wp\/v2\/product\/2586","targetHints":{"allow":["GET"]}}],"collection":[{"href":"https:\/\/kymiashop.com\/ar\/wp-json\/wp\/v2\/product"}],"about":[{"href":"https:\/\/kymiashop.com\/ar\/wp-json\/wp\/v2\/types\/product"}],"wp:featuredmedia":[{"embeddable":true,"href":"https:\/\/kymiashop.com\/ar\/wp-json\/wp\/v2\/media\/2409"}],"wp:attachment":[{"href":"https:\/\/kymiashop.com\/ar\/wp-json\/wp\/v2\/media?parent=2586"}],"wp:term":[{"taxonomy":"product_brand","embeddable":true,"href":"https:\/\/kymiashop.com\/ar\/wp-json\/wp\/v2\/product_brand?post=2586"},{"taxonomy":"product_cat","embeddable":true,"href":"https:\/\/kymiashop.com\/ar\/wp-json\/wp\/v2\/product_cat?post=2586"},{"taxonomy":"product_tag","embeddable":true,"href":"https:\/\/kymiashop.com\/ar\/wp-json\/wp\/v2\/product_tag?post=2586"}],"curies":[{"name":"wp","href":"https:\/\/api.w.org\/{rel}","templated":true}]}}