{"id":2587,"date":"2026-01-21T16:14:25","date_gmt":"2026-01-21T15:14:25","guid":{"rendered":"https:\/\/kymiashop.com\/fr_fr\/?post_type=product&#038;p=2587"},"modified":"2026-01-22T11:31:19","modified_gmt":"2026-01-22T10:31:19","slug":"glycerine","status":"publish","type":"product","link":"https:\/\/kymiashop.com\/ar\/product\/glycerine\/","title":{"rendered":"GLYCERINE"},"content":{"rendered":"<h3 data-start=\"7633\" data-end=\"7650\"><strong data-start=\"7637\" data-end=\"7650\">GLYC\u00c9RINE<\/strong><\/h3>\n<p data-start=\"7651\" data-end=\"7823\"><strong data-start=\"7651\" data-end=\"7668\">Description :<\/strong> Humectant naturel.<br data-start=\"7687\" data-end=\"7690\" \/><strong data-start=\"7690\" data-end=\"7704\">Fonction :<\/strong> Hydratation.<br data-start=\"7717\" data-end=\"7720\" \/><strong data-start=\"7720\" data-end=\"7738\">Applications :<\/strong> Cosm\u00e9tiques, savons, d\u00e9tergents.<br data-start=\"7771\" data-end=\"7774\" \/><strong data-start=\"7774\" data-end=\"7789\">Avantages :<\/strong> Douceur et protection de la peau.<\/p>","protected":false},"excerpt":{"rendered":"<p>GLYC\u00c9RINE Description : Humectant naturel.Fonction : Hydratation.Applications : Cosm\u00e9tiques, savons, d\u00e9tergents.Avantages : Douceur et protection de la peau.<\/p>","protected":false},"featured_media":2410,"template":"","meta":[],"product_brand":[],"product_cat":[15],"product_tag":[],"class_list":{"0":"post-2587","1":"product","2":"type-product","3":"status-publish","4":"has-post-thumbnail","6":"product_cat-uncategorized","8":"first","9":"instock","10":"taxable","11":"shipping-taxable","12":"purchasable","13":"product-type-simple"},"_links":{"self":[{"href":"https:\/\/kymiashop.com\/ar\/wp-json\/wp\/v2\/product\/2587","targetHints":{"allow":["GET"]}}],"collection":[{"href":"https:\/\/kymiashop.com\/ar\/wp-json\/wp\/v2\/product"}],"about":[{"href":"https:\/\/kymiashop.com\/ar\/wp-json\/wp\/v2\/types\/product"}],"wp:featuredmedia":[{"embeddable":true,"href":"https:\/\/kymiashop.com\/ar\/wp-json\/wp\/v2\/media\/2410"}],"wp:attachment":[{"href":"https:\/\/kymiashop.com\/ar\/wp-json\/wp\/v2\/media?parent=2587"}],"wp:term":[{"taxonomy":"product_brand","embeddable":true,"href":"https:\/\/kymiashop.com\/ar\/wp-json\/wp\/v2\/product_brand?post=2587"},{"taxonomy":"product_cat","embeddable":true,"href":"https:\/\/kymiashop.com\/ar\/wp-json\/wp\/v2\/product_cat?post=2587"},{"taxonomy":"product_tag","embeddable":true,"href":"https:\/\/kymiashop.com\/ar\/wp-json\/wp\/v2\/product_tag?post=2587"}],"curies":[{"name":"wp","href":"https:\/\/api.w.org\/{rel}","templated":true}]}}