{"id":2588,"date":"2026-01-21T16:15:04","date_gmt":"2026-01-21T15:15:04","guid":{"rendered":"https:\/\/kymiashop.com\/fr_fr\/?post_type=product&#038;p=2588"},"modified":"2026-01-22T11:36:51","modified_gmt":"2026-01-22T10:36:51","slug":"hec","status":"publish","type":"product","link":"https:\/\/kymiashop.com\/ar\/product\/hec\/","title":{"rendered":"HEC"},"content":{"rendered":"<h3 data-start=\"8232\" data-end=\"8268\"><strong data-start=\"8236\" data-end=\"8268\">HEC (Hydroxyethyl Cellulose)<\/strong><\/h3>\n<p data-start=\"8269\" data-end=\"8429\"><strong data-start=\"8269\" data-end=\"8286\">Description :<\/strong> \u00c9paississant cellulosique.<br data-start=\"8313\" data-end=\"8316\" \/><strong data-start=\"8316\" data-end=\"8330\">Fonction :<\/strong> Ajustement de viscosit\u00e9.<br data-start=\"8355\" data-end=\"8358\" \/><strong data-start=\"8358\" data-end=\"8376\">Applications :<\/strong> Gels, shampoings.<br data-start=\"8394\" data-end=\"8397\" \/><strong data-start=\"8397\" data-end=\"8412\">Avantages :<\/strong> Bonne tol\u00e9rance.<\/p>","protected":false},"excerpt":{"rendered":"<p>HEC (Hydroxyethyl Cellulose) Description : \u00c9paississant cellulosique.Fonction : Ajustement de viscosit\u00e9.Applications : Gels, shampoings.Avantages : Bonne tol\u00e9rance.<\/p>","protected":false},"featured_media":2413,"template":"","meta":[],"product_brand":[],"product_cat":[15],"product_tag":[],"class_list":{"0":"post-2588","1":"product","2":"type-product","3":"status-publish","4":"has-post-thumbnail","6":"product_cat-uncategorized","8":"first","9":"instock","10":"taxable","11":"shipping-taxable","12":"purchasable","13":"product-type-simple"},"_links":{"self":[{"href":"https:\/\/kymiashop.com\/ar\/wp-json\/wp\/v2\/product\/2588","targetHints":{"allow":["GET"]}}],"collection":[{"href":"https:\/\/kymiashop.com\/ar\/wp-json\/wp\/v2\/product"}],"about":[{"href":"https:\/\/kymiashop.com\/ar\/wp-json\/wp\/v2\/types\/product"}],"wp:featuredmedia":[{"embeddable":true,"href":"https:\/\/kymiashop.com\/ar\/wp-json\/wp\/v2\/media\/2413"}],"wp:attachment":[{"href":"https:\/\/kymiashop.com\/ar\/wp-json\/wp\/v2\/media?parent=2588"}],"wp:term":[{"taxonomy":"product_brand","embeddable":true,"href":"https:\/\/kymiashop.com\/ar\/wp-json\/wp\/v2\/product_brand?post=2588"},{"taxonomy":"product_cat","embeddable":true,"href":"https:\/\/kymiashop.com\/ar\/wp-json\/wp\/v2\/product_cat?post=2588"},{"taxonomy":"product_tag","embeddable":true,"href":"https:\/\/kymiashop.com\/ar\/wp-json\/wp\/v2\/product_tag?post=2588"}],"curies":[{"name":"wp","href":"https:\/\/api.w.org\/{rel}","templated":true}]}}