{"id":2590,"date":"2026-01-21T16:16:47","date_gmt":"2026-01-21T15:16:47","guid":{"rendered":"https:\/\/kymiashop.com\/fr_fr\/?post_type=product&#038;p=2590"},"modified":"2026-01-22T13:12:25","modified_gmt":"2026-01-22T12:12:25","slug":"huile-damande-douce","status":"publish","type":"product","link":"https:\/\/kymiashop.com\/ar\/product\/huile-damande-douce\/","title":{"rendered":"HUILE D&rsquo;AMANDE DOUCE"},"content":{"rendered":"<h3 data-start=\"423\" data-end=\"451\"><strong data-start=\"427\" data-end=\"451\">HUILE D\u2019AMANDE DOUCE<\/strong><\/h3>\n<p data-start=\"452\" data-end=\"663\"><strong data-start=\"452\" data-end=\"469\">Description :<\/strong> Huile v\u00e9g\u00e9tale douce et nourrissante.<br data-start=\"507\" data-end=\"510\" \/><strong data-start=\"510\" data-end=\"524\">Fonction :<\/strong> Hydratation et adoucissement.<br data-start=\"554\" data-end=\"557\" \/><strong data-start=\"557\" data-end=\"575\">Applications :<\/strong> Soins de la peau, cheveux, cosm\u00e9tiques.<br data-start=\"615\" data-end=\"618\" \/><strong data-start=\"618\" data-end=\"633\">Avantages :<\/strong> Convient aux peaux sensibles.<\/p>","protected":false},"excerpt":{"rendered":"<p>HUILE D\u2019AMANDE DOUCE Description : Huile v\u00e9g\u00e9tale douce et nourrissante.Fonction : Hydratation et adoucissement.Applications : Soins de la peau, cheveux, cosm\u00e9tiques.Avantages : Convient aux peaux sensibles.<\/p>","protected":false},"featured_media":2415,"template":"","meta":[],"product_brand":[],"product_cat":[15],"product_tag":[],"class_list":{"0":"post-2590","1":"product","2":"type-product","3":"status-publish","4":"has-post-thumbnail","6":"product_cat-uncategorized","8":"first","9":"instock","10":"taxable","11":"shipping-taxable","12":"purchasable","13":"product-type-simple"},"_links":{"self":[{"href":"https:\/\/kymiashop.com\/ar\/wp-json\/wp\/v2\/product\/2590","targetHints":{"allow":["GET"]}}],"collection":[{"href":"https:\/\/kymiashop.com\/ar\/wp-json\/wp\/v2\/product"}],"about":[{"href":"https:\/\/kymiashop.com\/ar\/wp-json\/wp\/v2\/types\/product"}],"wp:featuredmedia":[{"embeddable":true,"href":"https:\/\/kymiashop.com\/ar\/wp-json\/wp\/v2\/media\/2415"}],"wp:attachment":[{"href":"https:\/\/kymiashop.com\/ar\/wp-json\/wp\/v2\/media?parent=2590"}],"wp:term":[{"taxonomy":"product_brand","embeddable":true,"href":"https:\/\/kymiashop.com\/ar\/wp-json\/wp\/v2\/product_brand?post=2590"},{"taxonomy":"product_cat","embeddable":true,"href":"https:\/\/kymiashop.com\/ar\/wp-json\/wp\/v2\/product_cat?post=2590"},{"taxonomy":"product_tag","embeddable":true,"href":"https:\/\/kymiashop.com\/ar\/wp-json\/wp\/v2\/product_tag?post=2590"}],"curies":[{"name":"wp","href":"https:\/\/api.w.org\/{rel}","templated":true}]}}