{"id":2591,"date":"2026-01-21T16:17:53","date_gmt":"2026-01-21T15:17:53","guid":{"rendered":"https:\/\/kymiashop.com\/fr_fr\/?post_type=product&#038;p=2591"},"modified":"2026-01-22T11:47:35","modified_gmt":"2026-01-22T10:47:35","slug":"huile-dail","status":"publish","type":"product","link":"https:\/\/kymiashop.com\/ar\/product\/huile-dail\/","title":{"rendered":"HUILE D&rsquo;AIL"},"content":{"rendered":"<h3 data-start=\"1121\" data-end=\"1140\"><strong data-start=\"1125\" data-end=\"1140\">HUILE D&rsquo;AIL<\/strong><\/h3>\n<p data-start=\"1141\" data-end=\"1356\"><strong data-start=\"1141\" data-end=\"1158\">Description :<\/strong> Huile v\u00e9g\u00e9tale aux propri\u00e9t\u00e9s purifiantes.<br data-start=\"1201\" data-end=\"1204\" \/><strong data-start=\"1204\" data-end=\"1218\">Fonction :<\/strong> Stimulant et protecteur.<br data-start=\"1243\" data-end=\"1246\" \/><strong data-start=\"1246\" data-end=\"1264\">Applications :<\/strong> Soins capillaires, traitements sp\u00e9cifiques.<br data-start=\"1308\" data-end=\"1311\" \/><strong data-start=\"1311\" data-end=\"1326\">Avantages :<\/strong> Aide \u00e0 renforcer les cheveux.<\/p>","protected":false},"excerpt":{"rendered":"<p>HUILE D&rsquo;AIL Description : Huile v\u00e9g\u00e9tale aux propri\u00e9t\u00e9s purifiantes.Fonction : Stimulant et protecteur.Applications : Soins capillaires, traitements sp\u00e9cifiques.Avantages : Aide \u00e0 renforcer les cheveux.<\/p>","protected":false},"featured_media":2416,"template":"","meta":[],"product_brand":[],"product_cat":[15],"product_tag":[],"class_list":{"0":"post-2591","1":"product","2":"type-product","3":"status-publish","4":"has-post-thumbnail","6":"product_cat-uncategorized","8":"first","9":"instock","10":"taxable","11":"shipping-taxable","12":"product-type-simple"},"_links":{"self":[{"href":"https:\/\/kymiashop.com\/ar\/wp-json\/wp\/v2\/product\/2591","targetHints":{"allow":["GET"]}}],"collection":[{"href":"https:\/\/kymiashop.com\/ar\/wp-json\/wp\/v2\/product"}],"about":[{"href":"https:\/\/kymiashop.com\/ar\/wp-json\/wp\/v2\/types\/product"}],"wp:featuredmedia":[{"embeddable":true,"href":"https:\/\/kymiashop.com\/ar\/wp-json\/wp\/v2\/media\/2416"}],"wp:attachment":[{"href":"https:\/\/kymiashop.com\/ar\/wp-json\/wp\/v2\/media?parent=2591"}],"wp:term":[{"taxonomy":"product_brand","embeddable":true,"href":"https:\/\/kymiashop.com\/ar\/wp-json\/wp\/v2\/product_brand?post=2591"},{"taxonomy":"product_cat","embeddable":true,"href":"https:\/\/kymiashop.com\/ar\/wp-json\/wp\/v2\/product_cat?post=2591"},{"taxonomy":"product_tag","embeddable":true,"href":"https:\/\/kymiashop.com\/ar\/wp-json\/wp\/v2\/product_tag?post=2591"}],"curies":[{"name":"wp","href":"https:\/\/api.w.org\/{rel}","templated":true}]}}