{"id":2594,"date":"2026-01-21T16:20:43","date_gmt":"2026-01-21T15:20:43","guid":{"rendered":"https:\/\/kymiashop.com\/fr_fr\/?post_type=product&#038;p=2594"},"modified":"2026-01-22T11:44:38","modified_gmt":"2026-01-22T10:44:38","slug":"huile-de-coco","status":"publish","type":"product","link":"https:\/\/kymiashop.com\/ar\/product\/huile-de-coco\/","title":{"rendered":"HUILE DE COCO"},"content":{"rendered":"<h3 data-start=\"1363\" data-end=\"1384\"><strong data-start=\"1367\" data-end=\"1384\">HUILE DE COCO<\/strong><\/h3>\n<p data-start=\"1385\" data-end=\"1599\"><strong data-start=\"1385\" data-end=\"1402\">Description :<\/strong> Huile v\u00e9g\u00e9tale solide \u00e0 temp\u00e9rature ambiante.<br data-start=\"1448\" data-end=\"1451\" \/><strong data-start=\"1451\" data-end=\"1465\">Fonction :<\/strong> Nutrition et protection.<br data-start=\"1490\" data-end=\"1493\" \/><strong data-start=\"1493\" data-end=\"1511\">Applications :<\/strong> Savons, cosm\u00e9tiques, soins capillaires.<br data-start=\"1551\" data-end=\"1554\" \/><strong data-start=\"1554\" data-end=\"1569\">Avantages :<\/strong> Apporte brillance et douceur.<\/p>","protected":false},"excerpt":{"rendered":"<p>HUILE DE COCO Description : Huile v\u00e9g\u00e9tale solide \u00e0 temp\u00e9rature ambiante.Fonction : Nutrition et protection.Applications : Savons, cosm\u00e9tiques, soins capillaires.Avantages : Apporte brillance et douceur.<\/p>","protected":false},"featured_media":2420,"template":"","meta":[],"product_brand":[],"product_cat":[15],"product_tag":[],"class_list":{"0":"post-2594","1":"product","2":"type-product","3":"status-publish","4":"has-post-thumbnail","6":"product_cat-uncategorized","8":"first","9":"instock","10":"taxable","11":"shipping-taxable","12":"product-type-simple"},"_links":{"self":[{"href":"https:\/\/kymiashop.com\/ar\/wp-json\/wp\/v2\/product\/2594","targetHints":{"allow":["GET"]}}],"collection":[{"href":"https:\/\/kymiashop.com\/ar\/wp-json\/wp\/v2\/product"}],"about":[{"href":"https:\/\/kymiashop.com\/ar\/wp-json\/wp\/v2\/types\/product"}],"wp:featuredmedia":[{"embeddable":true,"href":"https:\/\/kymiashop.com\/ar\/wp-json\/wp\/v2\/media\/2420"}],"wp:attachment":[{"href":"https:\/\/kymiashop.com\/ar\/wp-json\/wp\/v2\/media?parent=2594"}],"wp:term":[{"taxonomy":"product_brand","embeddable":true,"href":"https:\/\/kymiashop.com\/ar\/wp-json\/wp\/v2\/product_brand?post=2594"},{"taxonomy":"product_cat","embeddable":true,"href":"https:\/\/kymiashop.com\/ar\/wp-json\/wp\/v2\/product_cat?post=2594"},{"taxonomy":"product_tag","embeddable":true,"href":"https:\/\/kymiashop.com\/ar\/wp-json\/wp\/v2\/product_tag?post=2594"}],"curies":[{"name":"wp","href":"https:\/\/api.w.org\/{rel}","templated":true}]}}