{"id":2600,"date":"2026-01-21T16:26:09","date_gmt":"2026-01-21T15:26:09","guid":{"rendered":"https:\/\/kymiashop.com\/fr_fr\/?post_type=product&#038;p=2600"},"modified":"2026-01-22T11:48:15","modified_gmt":"2026-01-22T10:48:15","slug":"huile-de-ricin","status":"publish","type":"product","link":"https:\/\/kymiashop.com\/ar\/product\/huile-de-ricin\/","title":{"rendered":"HUILE DE RICIN"},"content":{"rendered":"<h3 data-start=\"2708\" data-end=\"2730\"><strong data-start=\"2712\" data-end=\"2730\">HUILE DE RICIN<\/strong><\/h3>\n<p data-start=\"2731\" data-end=\"2927\"><strong data-start=\"2731\" data-end=\"2748\">Description :<\/strong> Huile v\u00e9g\u00e9tale \u00e9paisse et fortifiante.<br data-start=\"2787\" data-end=\"2790\" \/><strong data-start=\"2790\" data-end=\"2804\">Fonction :<\/strong> Renforcement et nutrition.<br data-start=\"2831\" data-end=\"2834\" \/><strong data-start=\"2834\" data-end=\"2852\">Applications :<\/strong> Soins capillaires, cils, ongles.<br data-start=\"2885\" data-end=\"2888\" \/><strong data-start=\"2888\" data-end=\"2903\">Avantages :<\/strong> Favorise la croissance.<\/p>","protected":false},"excerpt":{"rendered":"<p>HUILE DE RICIN Description : Huile v\u00e9g\u00e9tale \u00e9paisse et fortifiante.Fonction : Renforcement et nutrition.Applications : Soins capillaires, cils, ongles.Avantages : Favorise la croissance.<\/p>","protected":false},"featured_media":2426,"template":"","meta":[],"product_brand":[],"product_cat":[15],"product_tag":[],"class_list":{"0":"post-2600","1":"product","2":"type-product","3":"status-publish","4":"has-post-thumbnail","6":"product_cat-uncategorized","8":"first","9":"instock","10":"taxable","11":"shipping-taxable","12":"purchasable","13":"product-type-simple"},"_links":{"self":[{"href":"https:\/\/kymiashop.com\/ar\/wp-json\/wp\/v2\/product\/2600","targetHints":{"allow":["GET"]}}],"collection":[{"href":"https:\/\/kymiashop.com\/ar\/wp-json\/wp\/v2\/product"}],"about":[{"href":"https:\/\/kymiashop.com\/ar\/wp-json\/wp\/v2\/types\/product"}],"wp:featuredmedia":[{"embeddable":true,"href":"https:\/\/kymiashop.com\/ar\/wp-json\/wp\/v2\/media\/2426"}],"wp:attachment":[{"href":"https:\/\/kymiashop.com\/ar\/wp-json\/wp\/v2\/media?parent=2600"}],"wp:term":[{"taxonomy":"product_brand","embeddable":true,"href":"https:\/\/kymiashop.com\/ar\/wp-json\/wp\/v2\/product_brand?post=2600"},{"taxonomy":"product_cat","embeddable":true,"href":"https:\/\/kymiashop.com\/ar\/wp-json\/wp\/v2\/product_cat?post=2600"},{"taxonomy":"product_tag","embeddable":true,"href":"https:\/\/kymiashop.com\/ar\/wp-json\/wp\/v2\/product_tag?post=2600"}],"curies":[{"name":"wp","href":"https:\/\/api.w.org\/{rel}","templated":true}]}}