{"id":2602,"date":"2026-01-21T16:27:40","date_gmt":"2026-01-21T15:27:40","guid":{"rendered":"https:\/\/kymiashop.com\/fr_fr\/?post_type=product&#038;p=2602"},"modified":"2026-01-22T11:39:24","modified_gmt":"2026-01-22T10:39:24","slug":"huile-de-vaseline","status":"publish","type":"product","link":"https:\/\/kymiashop.com\/ar\/product\/huile-de-vaseline\/","title":{"rendered":"HUILE DE VASELINE"},"content":{"rendered":"<h3 data-start=\"3135\" data-end=\"3160\"><strong data-start=\"3139\" data-end=\"3160\">HUILE DE VASELINE<\/strong><\/h3>\n<p data-start=\"3161\" data-end=\"3325\"><strong data-start=\"3161\" data-end=\"3178\">Description :<\/strong> Huile min\u00e9rale purifi\u00e9e.<br data-start=\"3203\" data-end=\"3206\" \/><strong data-start=\"3206\" data-end=\"3220\">Fonction :<\/strong> Protection et lubrification.<br data-start=\"3249\" data-end=\"3252\" \/><strong data-start=\"3252\" data-end=\"3270\">Applications :<\/strong> Cosm\u00e9tiques, industrie.<br data-start=\"3294\" data-end=\"3297\" \/><strong data-start=\"3297\" data-end=\"3312\">Avantages :<\/strong> Tr\u00e8s stable.<\/p>","protected":false},"excerpt":{"rendered":"<p>HUILE DE VASELINE Description : Huile min\u00e9rale purifi\u00e9e.Fonction : Protection et lubrification.Applications : Cosm\u00e9tiques, industrie.Avantages : Tr\u00e8s stable.<\/p>","protected":false},"featured_media":2428,"template":"","meta":[],"product_brand":[],"product_cat":[15],"product_tag":[],"class_list":{"0":"post-2602","1":"product","2":"type-product","3":"status-publish","4":"has-post-thumbnail","6":"product_cat-uncategorized","8":"first","9":"instock","10":"taxable","11":"shipping-taxable","12":"purchasable","13":"product-type-simple"},"_links":{"self":[{"href":"https:\/\/kymiashop.com\/ar\/wp-json\/wp\/v2\/product\/2602","targetHints":{"allow":["GET"]}}],"collection":[{"href":"https:\/\/kymiashop.com\/ar\/wp-json\/wp\/v2\/product"}],"about":[{"href":"https:\/\/kymiashop.com\/ar\/wp-json\/wp\/v2\/types\/product"}],"wp:featuredmedia":[{"embeddable":true,"href":"https:\/\/kymiashop.com\/ar\/wp-json\/wp\/v2\/media\/2428"}],"wp:attachment":[{"href":"https:\/\/kymiashop.com\/ar\/wp-json\/wp\/v2\/media?parent=2602"}],"wp:term":[{"taxonomy":"product_brand","embeddable":true,"href":"https:\/\/kymiashop.com\/ar\/wp-json\/wp\/v2\/product_brand?post=2602"},{"taxonomy":"product_cat","embeddable":true,"href":"https:\/\/kymiashop.com\/ar\/wp-json\/wp\/v2\/product_cat?post=2602"},{"taxonomy":"product_tag","embeddable":true,"href":"https:\/\/kymiashop.com\/ar\/wp-json\/wp\/v2\/product_tag?post=2602"}],"curies":[{"name":"wp","href":"https:\/\/api.w.org\/{rel}","templated":true}]}}