{"id":2603,"date":"2026-01-21T16:28:39","date_gmt":"2026-01-21T15:28:39","guid":{"rendered":"https:\/\/kymiashop.com\/fr_fr\/?post_type=product&#038;p=2603"},"modified":"2026-01-22T13:14:06","modified_gmt":"2026-01-22T12:14:06","slug":"keratine","status":"publish","type":"product","link":"https:\/\/kymiashop.com\/ar\/product\/keratine\/","title":{"rendered":"KERATINE"},"content":{"rendered":"<h3 data-start=\"3332\" data-end=\"3348\"><strong data-start=\"3336\" data-end=\"3348\">K\u00c9RATINE<\/strong><\/h3>\n<p data-start=\"3349\" data-end=\"3536\"><strong data-start=\"3349\" data-end=\"3366\">Description :<\/strong> Prot\u00e9ine structurelle du cheveu.<br data-start=\"3399\" data-end=\"3402\" \/><strong data-start=\"3402\" data-end=\"3416\">Fonction :<\/strong> R\u00e9paration et renforcement.<br data-start=\"3444\" data-end=\"3447\" \/><strong data-start=\"3447\" data-end=\"3465\">Applications :<\/strong> Soins capillaires.<br data-start=\"3484\" data-end=\"3487\" \/><strong data-start=\"3487\" data-end=\"3502\">Avantages :<\/strong> Am\u00e9liore la r\u00e9sistance du cheveu.<\/p>","protected":false},"excerpt":{"rendered":"<p>K\u00c9RATINE Description : Prot\u00e9ine structurelle du cheveu.Fonction : R\u00e9paration et renforcement.Applications : Soins capillaires.Avantages : Am\u00e9liore la r\u00e9sistance du cheveu.<\/p>","protected":false},"featured_media":2429,"template":"","meta":[],"product_brand":[],"product_cat":[15],"product_tag":[],"class_list":{"0":"post-2603","1":"product","2":"type-product","3":"status-publish","4":"has-post-thumbnail","6":"product_cat-uncategorized","8":"first","9":"instock","10":"taxable","11":"shipping-taxable","12":"product-type-simple"},"_links":{"self":[{"href":"https:\/\/kymiashop.com\/ar\/wp-json\/wp\/v2\/product\/2603","targetHints":{"allow":["GET"]}}],"collection":[{"href":"https:\/\/kymiashop.com\/ar\/wp-json\/wp\/v2\/product"}],"about":[{"href":"https:\/\/kymiashop.com\/ar\/wp-json\/wp\/v2\/types\/product"}],"wp:featuredmedia":[{"embeddable":true,"href":"https:\/\/kymiashop.com\/ar\/wp-json\/wp\/v2\/media\/2429"}],"wp:attachment":[{"href":"https:\/\/kymiashop.com\/ar\/wp-json\/wp\/v2\/media?parent=2603"}],"wp:term":[{"taxonomy":"product_brand","embeddable":true,"href":"https:\/\/kymiashop.com\/ar\/wp-json\/wp\/v2\/product_brand?post=2603"},{"taxonomy":"product_cat","embeddable":true,"href":"https:\/\/kymiashop.com\/ar\/wp-json\/wp\/v2\/product_cat?post=2603"},{"taxonomy":"product_tag","embeddable":true,"href":"https:\/\/kymiashop.com\/ar\/wp-json\/wp\/v2\/product_tag?post=2603"}],"curies":[{"name":"wp","href":"https:\/\/api.w.org\/{rel}","templated":true}]}}