{"id":2607,"date":"2026-01-21T16:32:03","date_gmt":"2026-01-21T15:32:03","guid":{"rendered":"https:\/\/kymiashop.com\/fr_fr\/?post_type=product&#038;p=2607"},"modified":"2026-01-22T13:50:22","modified_gmt":"2026-01-22T12:50:22","slug":"peroxyde-dhydrogene","status":"publish","type":"product","link":"https:\/\/kymiashop.com\/ar\/product\/peroxyde-dhydrogene\/","title":{"rendered":"PEROXYDE D&rsquo;HYDROGENE"},"content":{"rendered":"<h3 data-start=\"1869\" data-end=\"1897\"><strong data-start=\"1873\" data-end=\"1897\">PEROXYDE D&rsquo;HYDROG\u00c8NE<\/strong><\/h3>\n<p data-start=\"1898\" data-end=\"2129\"><strong data-start=\"1898\" data-end=\"1915\">Description :<\/strong> Agent oxydant puissant.<br data-start=\"1939\" data-end=\"1942\" \/><strong data-start=\"1942\" data-end=\"1956\">Fonction :<\/strong> D\u00e9sinfection, blanchiment.<br data-start=\"1983\" data-end=\"1986\" \/><strong data-start=\"1986\" data-end=\"2004\">Applications :<\/strong> D\u00e9tergents, usages techniques.<br data-start=\"2035\" data-end=\"2038\" \/><strong data-start=\"2038\" data-end=\"2053\">Avantages :<\/strong> Action rapide.<br data-start=\"2068\" data-end=\"2071\" \/><strong data-start=\"2071\" data-end=\"2088\">Pr\u00e9cautions :<\/strong> Produit oxydant \u2013 manipulation prudente.<\/p>","protected":false},"excerpt":{"rendered":"<p>PEROXYDE D&rsquo;HYDROG\u00c8NE Description : Agent oxydant puissant.Fonction : D\u00e9sinfection, blanchiment.Applications : D\u00e9tergents, usages techniques.Avantages : Action rapide.Pr\u00e9cautions : Produit oxydant \u2013 manipulation prudente.<\/p>","protected":false},"featured_media":2433,"template":"","meta":[],"product_brand":[],"product_cat":[15],"product_tag":[],"class_list":{"0":"post-2607","1":"product","2":"type-product","3":"status-publish","4":"has-post-thumbnail","6":"product_cat-uncategorized","8":"first","9":"instock","10":"taxable","11":"shipping-taxable","12":"product-type-simple"},"_links":{"self":[{"href":"https:\/\/kymiashop.com\/ar\/wp-json\/wp\/v2\/product\/2607","targetHints":{"allow":["GET"]}}],"collection":[{"href":"https:\/\/kymiashop.com\/ar\/wp-json\/wp\/v2\/product"}],"about":[{"href":"https:\/\/kymiashop.com\/ar\/wp-json\/wp\/v2\/types\/product"}],"wp:featuredmedia":[{"embeddable":true,"href":"https:\/\/kymiashop.com\/ar\/wp-json\/wp\/v2\/media\/2433"}],"wp:attachment":[{"href":"https:\/\/kymiashop.com\/ar\/wp-json\/wp\/v2\/media?parent=2607"}],"wp:term":[{"taxonomy":"product_brand","embeddable":true,"href":"https:\/\/kymiashop.com\/ar\/wp-json\/wp\/v2\/product_brand?post=2607"},{"taxonomy":"product_cat","embeddable":true,"href":"https:\/\/kymiashop.com\/ar\/wp-json\/wp\/v2\/product_cat?post=2607"},{"taxonomy":"product_tag","embeddable":true,"href":"https:\/\/kymiashop.com\/ar\/wp-json\/wp\/v2\/product_tag?post=2607"}],"curies":[{"name":"wp","href":"https:\/\/api.w.org\/{rel}","templated":true}]}}