{"id":2609,"date":"2026-01-21T16:33:30","date_gmt":"2026-01-21T15:33:30","guid":{"rendered":"https:\/\/kymiashop.com\/fr_fr\/?post_type=product&#038;p=2609"},"modified":"2026-01-22T13:51:33","modified_gmt":"2026-01-22T12:51:33","slug":"phenoxyethanol","status":"publish","type":"product","link":"https:\/\/kymiashop.com\/ar\/product\/phenoxyethanol\/","title":{"rendered":"PHENOXYETHANOL"},"content":{"rendered":"<h3 data-start=\"2136\" data-end=\"2158\"><strong data-start=\"2140\" data-end=\"2158\">PH\u00c9NOXY\u00c9THANOL<\/strong><\/h3>\n<p data-start=\"2159\" data-end=\"2350\"><strong data-start=\"2159\" data-end=\"2176\">Description :<\/strong> Conservateur cosm\u00e9tique courant.<br data-start=\"2209\" data-end=\"2212\" \/><strong data-start=\"2212\" data-end=\"2226\">Fonction :<\/strong> Protection antimicrobienne.<br data-start=\"2254\" data-end=\"2257\" \/><strong data-start=\"2257\" data-end=\"2275\">Applications :<\/strong> Cosm\u00e9tiques, produits d\u2019hygi\u00e8ne.<br data-start=\"2308\" data-end=\"2311\" \/><strong data-start=\"2311\" data-end=\"2326\">Avantages :<\/strong> Large spectre d\u2019action.<\/p>","protected":false},"excerpt":{"rendered":"<p>PH\u00c9NOXY\u00c9THANOL Description : Conservateur cosm\u00e9tique courant.Fonction : Protection antimicrobienne.Applications : Cosm\u00e9tiques, produits d\u2019hygi\u00e8ne.Avantages : Large spectre d\u2019action.<\/p>","protected":false},"featured_media":2435,"template":"","meta":[],"product_brand":[],"product_cat":[15],"product_tag":[],"class_list":{"0":"post-2609","1":"product","2":"type-product","3":"status-publish","4":"has-post-thumbnail","6":"product_cat-uncategorized","8":"first","9":"instock","10":"taxable","11":"shipping-taxable","12":"product-type-simple"},"_links":{"self":[{"href":"https:\/\/kymiashop.com\/ar\/wp-json\/wp\/v2\/product\/2609","targetHints":{"allow":["GET"]}}],"collection":[{"href":"https:\/\/kymiashop.com\/ar\/wp-json\/wp\/v2\/product"}],"about":[{"href":"https:\/\/kymiashop.com\/ar\/wp-json\/wp\/v2\/types\/product"}],"wp:featuredmedia":[{"embeddable":true,"href":"https:\/\/kymiashop.com\/ar\/wp-json\/wp\/v2\/media\/2435"}],"wp:attachment":[{"href":"https:\/\/kymiashop.com\/ar\/wp-json\/wp\/v2\/media?parent=2609"}],"wp:term":[{"taxonomy":"product_brand","embeddable":true,"href":"https:\/\/kymiashop.com\/ar\/wp-json\/wp\/v2\/product_brand?post=2609"},{"taxonomy":"product_cat","embeddable":true,"href":"https:\/\/kymiashop.com\/ar\/wp-json\/wp\/v2\/product_cat?post=2609"},{"taxonomy":"product_tag","embeddable":true,"href":"https:\/\/kymiashop.com\/ar\/wp-json\/wp\/v2\/product_tag?post=2609"}],"curies":[{"name":"wp","href":"https:\/\/api.w.org\/{rel}","templated":true}]}}