{"id":2618,"date":"2026-01-21T16:40:38","date_gmt":"2026-01-21T15:40:38","guid":{"rendered":"https:\/\/kymiashop.com\/fr_fr\/?post_type=product&#038;p=2618"},"modified":"2026-01-22T14:17:08","modified_gmt":"2026-01-22T13:17:08","slug":"polysorbate-60","status":"publish","type":"product","link":"https:\/\/kymiashop.com\/ar\/product\/polysorbate-60\/","title":{"rendered":"POLYSORBATE 60"},"content":{"rendered":"<h3 data-start=\"4544\" data-end=\"4566\"><strong data-start=\"4548\" data-end=\"4566\">POLYSORBATE 60<\/strong><\/h3>\n<p data-start=\"4567\" data-end=\"4728\"><strong data-start=\"4567\" data-end=\"4584\">Description :<\/strong> \u00c9mulsifiant non ionique.<br data-start=\"4609\" data-end=\"4612\" \/><strong data-start=\"4612\" data-end=\"4626\">Fonction :<\/strong> Stabilisation des \u00e9mulsions.<br data-start=\"4655\" data-end=\"4658\" \/><strong data-start=\"4658\" data-end=\"4676\">Applications :<\/strong> Cr\u00e8mes, lotions.<br data-start=\"4693\" data-end=\"4696\" \/><strong data-start=\"4696\" data-end=\"4711\">Avantages :<\/strong> Bonne stabilit\u00e9.<\/p>","protected":false},"excerpt":{"rendered":"<p>POLYSORBATE 60 Description : \u00c9mulsifiant non ionique.Fonction : Stabilisation des \u00e9mulsions.Applications : Cr\u00e8mes, lotions.Avantages : Bonne stabilit\u00e9.<\/p>","protected":false},"featured_media":2444,"template":"","meta":[],"product_brand":[],"product_cat":[15],"product_tag":[],"class_list":{"0":"post-2618","1":"product","2":"type-product","3":"status-publish","4":"has-post-thumbnail","6":"product_cat-uncategorized","8":"first","9":"instock","10":"taxable","11":"shipping-taxable","12":"purchasable","13":"product-type-simple"},"_links":{"self":[{"href":"https:\/\/kymiashop.com\/ar\/wp-json\/wp\/v2\/product\/2618","targetHints":{"allow":["GET"]}}],"collection":[{"href":"https:\/\/kymiashop.com\/ar\/wp-json\/wp\/v2\/product"}],"about":[{"href":"https:\/\/kymiashop.com\/ar\/wp-json\/wp\/v2\/types\/product"}],"wp:featuredmedia":[{"embeddable":true,"href":"https:\/\/kymiashop.com\/ar\/wp-json\/wp\/v2\/media\/2444"}],"wp:attachment":[{"href":"https:\/\/kymiashop.com\/ar\/wp-json\/wp\/v2\/media?parent=2618"}],"wp:term":[{"taxonomy":"product_brand","embeddable":true,"href":"https:\/\/kymiashop.com\/ar\/wp-json\/wp\/v2\/product_brand?post=2618"},{"taxonomy":"product_cat","embeddable":true,"href":"https:\/\/kymiashop.com\/ar\/wp-json\/wp\/v2\/product_cat?post=2618"},{"taxonomy":"product_tag","embeddable":true,"href":"https:\/\/kymiashop.com\/ar\/wp-json\/wp\/v2\/product_tag?post=2618"}],"curies":[{"name":"wp","href":"https:\/\/api.w.org\/{rel}","templated":true}]}}