{"id":2619,"date":"2026-01-21T16:41:25","date_gmt":"2026-01-21T15:41:25","guid":{"rendered":"https:\/\/kymiashop.com\/fr_fr\/?post_type=product&#038;p=2619"},"modified":"2026-01-22T14:18:05","modified_gmt":"2026-01-22T13:18:05","slug":"polysorbate-80","status":"publish","type":"product","link":"https:\/\/kymiashop.com\/ar\/product\/polysorbate-80\/","title":{"rendered":"POLYSORBATE 80"},"content":{"rendered":"<h3 data-start=\"4735\" data-end=\"4757\"><strong data-start=\"4739\" data-end=\"4757\">POLYSORBATE 80<\/strong><\/h3>\n<p data-start=\"4758\" data-end=\"4927\"><strong data-start=\"4758\" data-end=\"4775\">Description :<\/strong> \u00c9mulsifiant et solubilisant.<br data-start=\"4804\" data-end=\"4807\" \/><strong data-start=\"4807\" data-end=\"4821\">Fonction :<\/strong> Dispersion des huiles.<br data-start=\"4844\" data-end=\"4847\" \/><strong data-start=\"4847\" data-end=\"4865\">Applications :<\/strong> Cosm\u00e9tiques, alimentaire.<br data-start=\"4891\" data-end=\"4894\" \/><strong data-start=\"4894\" data-end=\"4909\">Avantages :<\/strong> Haute efficacit\u00e9.<\/p>","protected":false},"excerpt":{"rendered":"<p>POLYSORBATE 80 Description : \u00c9mulsifiant et solubilisant.Fonction : Dispersion des huiles.Applications : Cosm\u00e9tiques, alimentaire.Avantages : Haute efficacit\u00e9.<\/p>","protected":false},"featured_media":2445,"template":"","meta":[],"product_brand":[],"product_cat":[15],"product_tag":[],"class_list":{"0":"post-2619","1":"product","2":"type-product","3":"status-publish","4":"has-post-thumbnail","6":"product_cat-uncategorized","8":"first","9":"instock","10":"taxable","11":"shipping-taxable","12":"purchasable","13":"product-type-simple"},"_links":{"self":[{"href":"https:\/\/kymiashop.com\/ar\/wp-json\/wp\/v2\/product\/2619","targetHints":{"allow":["GET"]}}],"collection":[{"href":"https:\/\/kymiashop.com\/ar\/wp-json\/wp\/v2\/product"}],"about":[{"href":"https:\/\/kymiashop.com\/ar\/wp-json\/wp\/v2\/types\/product"}],"wp:featuredmedia":[{"embeddable":true,"href":"https:\/\/kymiashop.com\/ar\/wp-json\/wp\/v2\/media\/2445"}],"wp:attachment":[{"href":"https:\/\/kymiashop.com\/ar\/wp-json\/wp\/v2\/media?parent=2619"}],"wp:term":[{"taxonomy":"product_brand","embeddable":true,"href":"https:\/\/kymiashop.com\/ar\/wp-json\/wp\/v2\/product_brand?post=2619"},{"taxonomy":"product_cat","embeddable":true,"href":"https:\/\/kymiashop.com\/ar\/wp-json\/wp\/v2\/product_cat?post=2619"},{"taxonomy":"product_tag","embeddable":true,"href":"https:\/\/kymiashop.com\/ar\/wp-json\/wp\/v2\/product_tag?post=2619"}],"curies":[{"name":"wp","href":"https:\/\/api.w.org\/{rel}","templated":true}]}}