{"id":2620,"date":"2026-01-21T16:42:15","date_gmt":"2026-01-21T15:42:15","guid":{"rendered":"https:\/\/kymiashop.com\/fr_fr\/?post_type=product&#038;p=2620"},"modified":"2026-01-22T14:26:45","modified_gmt":"2026-01-22T13:26:45","slug":"ro-40","status":"publish","type":"product","link":"https:\/\/kymiashop.com\/ar\/product\/ro-40\/","title":{"rendered":"RO 40"},"content":{"rendered":"<h3 data-start=\"5351\" data-end=\"5363\"><strong data-start=\"5355\" data-end=\"5363\">RO40<\/strong><\/h3>\n<p data-start=\"5364\" data-end=\"5544\"><strong data-start=\"5364\" data-end=\"5381\">Description :<\/strong> Tensioactif non ionique.<br data-start=\"5406\" data-end=\"5409\" \/><strong data-start=\"5409\" data-end=\"5423\">Fonction :<\/strong> Nettoyage et \u00e9mulsification.<br data-start=\"5452\" data-end=\"5455\" \/><strong data-start=\"5455\" data-end=\"5473\">Applications :<\/strong> D\u00e9tergents, nettoyants industriels.<br data-start=\"5509\" data-end=\"5512\" \/><strong data-start=\"5512\" data-end=\"5527\">Avantages :<\/strong> Bonne stabilit\u00e9.<\/p>","protected":false},"excerpt":{"rendered":"<p>RO40 Description : Tensioactif non ionique.Fonction : Nettoyage et \u00e9mulsification.Applications : D\u00e9tergents, nettoyants industriels.Avantages : Bonne stabilit\u00e9.<\/p>","protected":false},"featured_media":2447,"template":"","meta":[],"product_brand":[],"product_cat":[15],"product_tag":[],"class_list":{"0":"post-2620","1":"product","2":"type-product","3":"status-publish","4":"has-post-thumbnail","6":"product_cat-uncategorized","8":"first","9":"instock","10":"taxable","11":"shipping-taxable","12":"purchasable","13":"product-type-simple"},"_links":{"self":[{"href":"https:\/\/kymiashop.com\/ar\/wp-json\/wp\/v2\/product\/2620","targetHints":{"allow":["GET"]}}],"collection":[{"href":"https:\/\/kymiashop.com\/ar\/wp-json\/wp\/v2\/product"}],"about":[{"href":"https:\/\/kymiashop.com\/ar\/wp-json\/wp\/v2\/types\/product"}],"wp:featuredmedia":[{"embeddable":true,"href":"https:\/\/kymiashop.com\/ar\/wp-json\/wp\/v2\/media\/2447"}],"wp:attachment":[{"href":"https:\/\/kymiashop.com\/ar\/wp-json\/wp\/v2\/media?parent=2620"}],"wp:term":[{"taxonomy":"product_brand","embeddable":true,"href":"https:\/\/kymiashop.com\/ar\/wp-json\/wp\/v2\/product_brand?post=2620"},{"taxonomy":"product_cat","embeddable":true,"href":"https:\/\/kymiashop.com\/ar\/wp-json\/wp\/v2\/product_cat?post=2620"},{"taxonomy":"product_tag","embeddable":true,"href":"https:\/\/kymiashop.com\/ar\/wp-json\/wp\/v2\/product_tag?post=2620"}],"curies":[{"name":"wp","href":"https:\/\/api.w.org\/{rel}","templated":true}]}}