{"id":2630,"date":"2026-01-21T16:49:18","date_gmt":"2026-01-21T15:49:18","guid":{"rendered":"https:\/\/kymiashop.com\/fr_fr\/?post_type=product&#038;p=2630"},"modified":"2026-01-22T15:03:44","modified_gmt":"2026-01-22T14:03:44","slug":"vitamine-a","status":"publish","type":"product","link":"https:\/\/kymiashop.com\/ar\/product\/vitamine-a\/","title":{"rendered":"VITAMINE A"},"content":{"rendered":"<h3 data-start=\"718\" data-end=\"736\"><strong data-start=\"722\" data-end=\"736\">VITAMINE A<\/strong><\/h3>\n<p data-start=\"737\" data-end=\"977\"><strong data-start=\"737\" data-end=\"754\">Description :<\/strong> Actif cosm\u00e9tique r\u00e9g\u00e9n\u00e9rant.<br data-start=\"783\" data-end=\"786\" \/><strong data-start=\"786\" data-end=\"800\">Fonction :<\/strong> Anti-\u00e2ge, renouvellement cellulaire.<br data-start=\"837\" data-end=\"840\" \/><strong data-start=\"840\" data-end=\"858\">Applications :<\/strong> Soins visage et corps.<br data-start=\"881\" data-end=\"884\" \/><strong data-start=\"884\" data-end=\"899\">Avantages :<\/strong> Am\u00e9liore l\u2019aspect de la peau.<br data-start=\"929\" data-end=\"932\" \/><strong data-start=\"932\" data-end=\"949\">Pr\u00e9cautions :<\/strong> Dosage ma\u00eetris\u00e9 recommand\u00e9.<\/p>","protected":false},"excerpt":{"rendered":"<p>VITAMINE A Description : Actif cosm\u00e9tique r\u00e9g\u00e9n\u00e9rant.Fonction : Anti-\u00e2ge, renouvellement cellulaire.Applications : Soins visage et corps.Avantages : Am\u00e9liore l\u2019aspect de la peau.Pr\u00e9cautions : Dosage ma\u00eetris\u00e9 recommand\u00e9.<\/p>","protected":false},"featured_media":2460,"template":"","meta":[],"product_brand":[],"product_cat":[15],"product_tag":[],"class_list":{"0":"post-2630","1":"product","2":"type-product","3":"status-publish","4":"has-post-thumbnail","6":"product_cat-uncategorized","8":"first","9":"instock","10":"taxable","11":"shipping-taxable","12":"product-type-simple"},"_links":{"self":[{"href":"https:\/\/kymiashop.com\/ar\/wp-json\/wp\/v2\/product\/2630","targetHints":{"allow":["GET"]}}],"collection":[{"href":"https:\/\/kymiashop.com\/ar\/wp-json\/wp\/v2\/product"}],"about":[{"href":"https:\/\/kymiashop.com\/ar\/wp-json\/wp\/v2\/types\/product"}],"wp:featuredmedia":[{"embeddable":true,"href":"https:\/\/kymiashop.com\/ar\/wp-json\/wp\/v2\/media\/2460"}],"wp:attachment":[{"href":"https:\/\/kymiashop.com\/ar\/wp-json\/wp\/v2\/media?parent=2630"}],"wp:term":[{"taxonomy":"product_brand","embeddable":true,"href":"https:\/\/kymiashop.com\/ar\/wp-json\/wp\/v2\/product_brand?post=2630"},{"taxonomy":"product_cat","embeddable":true,"href":"https:\/\/kymiashop.com\/ar\/wp-json\/wp\/v2\/product_cat?post=2630"},{"taxonomy":"product_tag","embeddable":true,"href":"https:\/\/kymiashop.com\/ar\/wp-json\/wp\/v2\/product_tag?post=2630"}],"curies":[{"name":"wp","href":"https:\/\/api.w.org\/{rel}","templated":true}]}}