{"id":2631,"date":"2026-01-21T16:50:25","date_gmt":"2026-01-21T15:50:25","guid":{"rendered":"https:\/\/kymiashop.com\/fr_fr\/?post_type=product&#038;p=2631"},"modified":"2026-01-22T10:21:45","modified_gmt":"2026-01-22T09:21:45","slug":"anti-mousse-poudre","status":"publish","type":"product","link":"https:\/\/kymiashop.com\/ar\/product\/anti-mousse-poudre\/","title":{"rendered":"ANTI MOUSSE POUDRE"},"content":{"rendered":"<h3 data-start=\"3990\" data-end=\"4009\"><strong data-start=\"3994\" data-end=\"4009\">ANTI MOUSSE<\/strong><\/h3>\n<p data-start=\"4010\" data-end=\"4235\"><strong data-start=\"4010\" data-end=\"4027\">Description :<\/strong> Additif destin\u00e9 \u00e0 r\u00e9duire ou \u00e9liminer la mousse.<br data-start=\"4076\" data-end=\"4079\" \/><strong data-start=\"4079\" data-end=\"4093\">Fonction :<\/strong> Contr\u00f4le de la mousse.<br data-start=\"4116\" data-end=\"4119\" \/><strong data-start=\"4119\" data-end=\"4137\">Applications :<\/strong> D\u00e9tergents industriels, traitements d\u2019eaux.<br data-start=\"4181\" data-end=\"4184\" \/><strong data-start=\"4184\" data-end=\"4199\">Avantages :<\/strong> Am\u00e9liore l\u2019efficacit\u00e9 des proc\u00e9d\u00e9s.<\/p>","protected":false},"excerpt":{"rendered":"<p>ANTI MOUSSE Description : Additif destin\u00e9 \u00e0 r\u00e9duire ou \u00e9liminer la mousse.Fonction : Contr\u00f4le de la mousse.Applications : D\u00e9tergents industriels, traitements d\u2019eaux.Avantages : Am\u00e9liore l\u2019efficacit\u00e9 des proc\u00e9d\u00e9s.<\/p>","protected":false},"featured_media":2462,"template":"","meta":[],"product_brand":[],"product_cat":[15],"product_tag":[],"class_list":{"0":"post-2631","1":"product","2":"type-product","3":"status-publish","4":"has-post-thumbnail","6":"product_cat-uncategorized","8":"first","9":"instock","10":"taxable","11":"shipping-taxable","12":"purchasable","13":"product-type-simple"},"_links":{"self":[{"href":"https:\/\/kymiashop.com\/ar\/wp-json\/wp\/v2\/product\/2631","targetHints":{"allow":["GET"]}}],"collection":[{"href":"https:\/\/kymiashop.com\/ar\/wp-json\/wp\/v2\/product"}],"about":[{"href":"https:\/\/kymiashop.com\/ar\/wp-json\/wp\/v2\/types\/product"}],"wp:featuredmedia":[{"embeddable":true,"href":"https:\/\/kymiashop.com\/ar\/wp-json\/wp\/v2\/media\/2462"}],"wp:attachment":[{"href":"https:\/\/kymiashop.com\/ar\/wp-json\/wp\/v2\/media?parent=2631"}],"wp:term":[{"taxonomy":"product_brand","embeddable":true,"href":"https:\/\/kymiashop.com\/ar\/wp-json\/wp\/v2\/product_brand?post=2631"},{"taxonomy":"product_cat","embeddable":true,"href":"https:\/\/kymiashop.com\/ar\/wp-json\/wp\/v2\/product_cat?post=2631"},{"taxonomy":"product_tag","embeddable":true,"href":"https:\/\/kymiashop.com\/ar\/wp-json\/wp\/v2\/product_tag?post=2631"}],"curies":[{"name":"wp","href":"https:\/\/api.w.org\/{rel}","templated":true}]}}