{"id":2632,"date":"2026-01-21T16:50:59","date_gmt":"2026-01-21T15:50:59","guid":{"rendered":"https:\/\/kymiashop.com\/fr_fr\/?post_type=product&#038;p=2632"},"modified":"2026-01-22T10:32:24","modified_gmt":"2026-01-22T09:32:24","slug":"bicarbonate","status":"publish","type":"product","link":"https:\/\/kymiashop.com\/ar\/product\/bicarbonate\/","title":{"rendered":"BICARBONATE"},"content":{"rendered":"<h3 data-start=\"4925\" data-end=\"4944\"><strong data-start=\"4929\" data-end=\"4944\">BICARBONATE<\/strong><\/h3>\n<p data-start=\"4945\" data-end=\"5138\"><strong data-start=\"4945\" data-end=\"4962\">Description :<\/strong> Poudre alcaline multifonction.<br data-start=\"4993\" data-end=\"4996\" \/><strong data-start=\"4996\" data-end=\"5010\">Fonction :<\/strong> Nettoyage, d\u00e9sodorisation.<br data-start=\"5037\" data-end=\"5040\" \/><strong data-start=\"5040\" data-end=\"5058\">Applications :<\/strong> Produits m\u00e9nagers, cosm\u00e9tiques naturels.<br data-start=\"5099\" data-end=\"5102\" \/><strong data-start=\"5102\" data-end=\"5117\">Avantages :<\/strong> Naturel, polyvalent.<\/p>","protected":false},"excerpt":{"rendered":"<p>BICARBONATE Description : Poudre alcaline multifonction.Fonction : Nettoyage, d\u00e9sodorisation.Applications : Produits m\u00e9nagers, cosm\u00e9tiques naturels.Avantages : Naturel, polyvalent.<\/p>","protected":false},"featured_media":2463,"template":"","meta":[],"product_brand":[],"product_cat":[15],"product_tag":[],"class_list":{"0":"post-2632","1":"product","2":"type-product","3":"status-publish","4":"has-post-thumbnail","6":"product_cat-uncategorized","8":"first","9":"instock","10":"taxable","11":"shipping-taxable","12":"purchasable","13":"product-type-simple"},"_links":{"self":[{"href":"https:\/\/kymiashop.com\/ar\/wp-json\/wp\/v2\/product\/2632","targetHints":{"allow":["GET"]}}],"collection":[{"href":"https:\/\/kymiashop.com\/ar\/wp-json\/wp\/v2\/product"}],"about":[{"href":"https:\/\/kymiashop.com\/ar\/wp-json\/wp\/v2\/types\/product"}],"wp:featuredmedia":[{"embeddable":true,"href":"https:\/\/kymiashop.com\/ar\/wp-json\/wp\/v2\/media\/2463"}],"wp:attachment":[{"href":"https:\/\/kymiashop.com\/ar\/wp-json\/wp\/v2\/media?parent=2632"}],"wp:term":[{"taxonomy":"product_brand","embeddable":true,"href":"https:\/\/kymiashop.com\/ar\/wp-json\/wp\/v2\/product_brand?post=2632"},{"taxonomy":"product_cat","embeddable":true,"href":"https:\/\/kymiashop.com\/ar\/wp-json\/wp\/v2\/product_cat?post=2632"},{"taxonomy":"product_tag","embeddable":true,"href":"https:\/\/kymiashop.com\/ar\/wp-json\/wp\/v2\/product_tag?post=2632"}],"curies":[{"name":"wp","href":"https:\/\/api.w.org\/{rel}","templated":true}]}}