{"id":2634,"date":"2026-01-21T16:52:48","date_gmt":"2026-01-21T15:52:48","guid":{"rendered":"https:\/\/kymiashop.com\/fr_fr\/?post_type=product&#038;p=2634"},"modified":"2026-01-22T10:41:43","modified_gmt":"2026-01-22T09:41:43","slug":"cmc-carboxymethylcellulose","status":"publish","type":"product","link":"https:\/\/kymiashop.com\/ar\/product\/cmc-carboxymethylcellulose\/","title":{"rendered":"CMC (Carboxym\u00e9thylcellulose)"},"content":{"rendered":"<h3 data-start=\"1146\" data-end=\"1184\"><strong data-start=\"1150\" data-end=\"1184\">CMC (Carboxy M\u00e9thyl Cellulose)<\/strong><\/h3>\n<p data-start=\"1185\" data-end=\"1407\"><strong data-start=\"1185\" data-end=\"1202\">Description :<\/strong> Polym\u00e8re d\u00e9riv\u00e9 de la cellulose.<br data-start=\"1235\" data-end=\"1238\" \/><strong data-start=\"1238\" data-end=\"1252\">Fonction :<\/strong> \u00c9paississant et stabilisant.<br data-start=\"1281\" data-end=\"1284\" \/><strong data-start=\"1284\" data-end=\"1302\">Applications :<\/strong> D\u00e9tergents, cosm\u00e9tiques, industrie alimentaire.<br data-start=\"1350\" data-end=\"1353\" \/><strong data-start=\"1353\" data-end=\"1368\">Avantages :<\/strong> Am\u00e9liore la viscosit\u00e9 et la stabilit\u00e9.<\/p>","protected":false},"excerpt":{"rendered":"<p>CMC (Carboxy M\u00e9thyl Cellulose) Description : Polym\u00e8re d\u00e9riv\u00e9 de la cellulose.Fonction : \u00c9paississant et stabilisant.Applications : D\u00e9tergents, cosm\u00e9tiques, industrie alimentaire.Avantages : Am\u00e9liore la viscosit\u00e9 et la stabilit\u00e9.<\/p>","protected":false},"featured_media":2466,"template":"","meta":[],"product_brand":[],"product_cat":[15],"product_tag":[],"class_list":{"0":"post-2634","1":"product","2":"type-product","3":"status-publish","4":"has-post-thumbnail","6":"product_cat-uncategorized","8":"first","9":"instock","10":"taxable","11":"shipping-taxable","12":"purchasable","13":"product-type-simple"},"_links":{"self":[{"href":"https:\/\/kymiashop.com\/ar\/wp-json\/wp\/v2\/product\/2634","targetHints":{"allow":["GET"]}}],"collection":[{"href":"https:\/\/kymiashop.com\/ar\/wp-json\/wp\/v2\/product"}],"about":[{"href":"https:\/\/kymiashop.com\/ar\/wp-json\/wp\/v2\/types\/product"}],"wp:featuredmedia":[{"embeddable":true,"href":"https:\/\/kymiashop.com\/ar\/wp-json\/wp\/v2\/media\/2466"}],"wp:attachment":[{"href":"https:\/\/kymiashop.com\/ar\/wp-json\/wp\/v2\/media?parent=2634"}],"wp:term":[{"taxonomy":"product_brand","embeddable":true,"href":"https:\/\/kymiashop.com\/ar\/wp-json\/wp\/v2\/product_brand?post=2634"},{"taxonomy":"product_cat","embeddable":true,"href":"https:\/\/kymiashop.com\/ar\/wp-json\/wp\/v2\/product_cat?post=2634"},{"taxonomy":"product_tag","embeddable":true,"href":"https:\/\/kymiashop.com\/ar\/wp-json\/wp\/v2\/product_tag?post=2634"}],"curies":[{"name":"wp","href":"https:\/\/api.w.org\/{rel}","templated":true}]}}