{"id":2635,"date":"2026-01-21T16:53:15","date_gmt":"2026-01-21T15:53:15","guid":{"rendered":"https:\/\/kymiashop.com\/fr_fr\/?post_type=product&#038;p=2635"},"modified":"2026-01-22T10:48:05","modified_gmt":"2026-01-22T09:48:05","slug":"colorant-bleu","status":"publish","type":"product","link":"https:\/\/kymiashop.com\/ar\/product\/colorant-bleu\/","title":{"rendered":"COLORANT BLEU"},"content":{"rendered":"<h3 data-start=\"2108\" data-end=\"2129\"><strong data-start=\"2112\" data-end=\"2129\">COLORANT BLEU<\/strong><\/h3>\n<p data-start=\"2130\" data-end=\"2333\"><strong data-start=\"2130\" data-end=\"2147\">Description :<\/strong> Colorant hydrosoluble ou liposoluble selon la qualit\u00e9.<br data-start=\"2202\" data-end=\"2205\" \/><strong data-start=\"2205\" data-end=\"2219\">Fonction :<\/strong> Coloration des produits.<br data-start=\"2244\" data-end=\"2247\" \/><strong data-start=\"2247\" data-end=\"2265\">Applications :<\/strong> D\u00e9tergents, cosm\u00e9tiques.<br data-start=\"2290\" data-end=\"2293\" \/><strong data-start=\"2293\" data-end=\"2308\">Avantages :<\/strong> Aspect visuel attractif.<\/p>","protected":false},"excerpt":{"rendered":"<p>COLORANT BLEU Description : Colorant hydrosoluble ou liposoluble selon la qualit\u00e9.Fonction : Coloration des produits.Applications : D\u00e9tergents, cosm\u00e9tiques.Avantages : Aspect visuel attractif.<\/p>","protected":false},"featured_media":2467,"template":"","meta":[],"product_brand":[],"product_cat":[15],"product_tag":[],"class_list":{"0":"post-2635","1":"product","2":"type-product","3":"status-publish","4":"has-post-thumbnail","6":"product_cat-uncategorized","8":"first","9":"instock","10":"taxable","11":"shipping-taxable","12":"purchasable","13":"product-type-simple"},"_links":{"self":[{"href":"https:\/\/kymiashop.com\/ar\/wp-json\/wp\/v2\/product\/2635","targetHints":{"allow":["GET"]}}],"collection":[{"href":"https:\/\/kymiashop.com\/ar\/wp-json\/wp\/v2\/product"}],"about":[{"href":"https:\/\/kymiashop.com\/ar\/wp-json\/wp\/v2\/types\/product"}],"wp:featuredmedia":[{"embeddable":true,"href":"https:\/\/kymiashop.com\/ar\/wp-json\/wp\/v2\/media\/2467"}],"wp:attachment":[{"href":"https:\/\/kymiashop.com\/ar\/wp-json\/wp\/v2\/media?parent=2635"}],"wp:term":[{"taxonomy":"product_brand","embeddable":true,"href":"https:\/\/kymiashop.com\/ar\/wp-json\/wp\/v2\/product_brand?post=2635"},{"taxonomy":"product_cat","embeddable":true,"href":"https:\/\/kymiashop.com\/ar\/wp-json\/wp\/v2\/product_cat?post=2635"},{"taxonomy":"product_tag","embeddable":true,"href":"https:\/\/kymiashop.com\/ar\/wp-json\/wp\/v2\/product_tag?post=2635"}],"curies":[{"name":"wp","href":"https:\/\/api.w.org\/{rel}","templated":true}]}}