{"id":2636,"date":"2026-01-21T16:53:51","date_gmt":"2026-01-21T15:53:51","guid":{"rendered":"https:\/\/kymiashop.com\/fr_fr\/?post_type=product&#038;p=2636"},"modified":"2026-01-22T10:48:55","modified_gmt":"2026-01-22T09:48:55","slug":"colorant-jaune","status":"publish","type":"product","link":"https:\/\/kymiashop.com\/ar\/product\/colorant-jaune\/","title":{"rendered":"COLORANT JAUNE"},"content":{"rendered":"<h3 data-start=\"2340\" data-end=\"2362\"><strong data-start=\"2344\" data-end=\"2362\">COLORANT JAUNE<\/strong><\/h3>\n<p data-start=\"2363\" data-end=\"2552\"><strong data-start=\"2363\" data-end=\"2380\">Description :<\/strong> Colorant destin\u00e9 \u00e0 l\u2019aspect esth\u00e9tique des formules.<br data-start=\"2433\" data-end=\"2436\" \/><strong data-start=\"2436\" data-end=\"2450\">Fonction :<\/strong> Coloration.<br data-start=\"2462\" data-end=\"2465\" \/><strong data-start=\"2465\" data-end=\"2483\">Applications :<\/strong> Produits m\u00e9nagers et cosm\u00e9tiques.<br data-start=\"2517\" data-end=\"2520\" \/><strong data-start=\"2520\" data-end=\"2535\">Avantages :<\/strong> Bonne stabilit\u00e9.<\/p>","protected":false},"excerpt":{"rendered":"<p>COLORANT JAUNE Description : Colorant destin\u00e9 \u00e0 l\u2019aspect esth\u00e9tique des formules.Fonction : Coloration.Applications : Produits m\u00e9nagers et cosm\u00e9tiques.Avantages : Bonne stabilit\u00e9.<\/p>","protected":false},"featured_media":2468,"template":"","meta":[],"product_brand":[],"product_cat":[15],"product_tag":[],"class_list":{"0":"post-2636","1":"product","2":"type-product","3":"status-publish","4":"has-post-thumbnail","6":"product_cat-uncategorized","8":"first","9":"instock","10":"taxable","11":"shipping-taxable","12":"purchasable","13":"product-type-simple"},"_links":{"self":[{"href":"https:\/\/kymiashop.com\/ar\/wp-json\/wp\/v2\/product\/2636","targetHints":{"allow":["GET"]}}],"collection":[{"href":"https:\/\/kymiashop.com\/ar\/wp-json\/wp\/v2\/product"}],"about":[{"href":"https:\/\/kymiashop.com\/ar\/wp-json\/wp\/v2\/types\/product"}],"wp:featuredmedia":[{"embeddable":true,"href":"https:\/\/kymiashop.com\/ar\/wp-json\/wp\/v2\/media\/2468"}],"wp:attachment":[{"href":"https:\/\/kymiashop.com\/ar\/wp-json\/wp\/v2\/media?parent=2636"}],"wp:term":[{"taxonomy":"product_brand","embeddable":true,"href":"https:\/\/kymiashop.com\/ar\/wp-json\/wp\/v2\/product_brand?post=2636"},{"taxonomy":"product_cat","embeddable":true,"href":"https:\/\/kymiashop.com\/ar\/wp-json\/wp\/v2\/product_cat?post=2636"},{"taxonomy":"product_tag","embeddable":true,"href":"https:\/\/kymiashop.com\/ar\/wp-json\/wp\/v2\/product_tag?post=2636"}],"curies":[{"name":"wp","href":"https:\/\/api.w.org\/{rel}","templated":true}]}}