{"id":2640,"date":"2026-01-21T16:56:00","date_gmt":"2026-01-21T15:56:00","guid":{"rendered":"https:\/\/kymiashop.com\/fr_fr\/?post_type=product&#038;p=2640"},"modified":"2026-01-22T10:51:33","modified_gmt":"2026-01-22T09:51:33","slug":"colorant-rouge","status":"publish","type":"product","link":"https:\/\/kymiashop.com\/ar\/product\/colorant-rouge\/","title":{"rendered":"COLORANT ROUGE"},"content":{"rendered":"<h3 data-start=\"3177\" data-end=\"3199\"><strong data-start=\"3181\" data-end=\"3199\">COLORANT ROUGE<\/strong><\/h3>\n<p data-start=\"3200\" data-end=\"3360\"><strong data-start=\"3200\" data-end=\"3217\">Description :<\/strong> Colorant concentr\u00e9.<br data-start=\"3237\" data-end=\"3240\" \/><strong data-start=\"3240\" data-end=\"3254\">Fonction :<\/strong> Coloration des produits.<br data-start=\"3279\" data-end=\"3282\" \/><strong data-start=\"3282\" data-end=\"3300\">Applications :<\/strong> D\u00e9tergents, cosm\u00e9tiques.<br data-start=\"3325\" data-end=\"3328\" \/><strong data-start=\"3328\" data-end=\"3343\">Avantages :<\/strong> Bonne intensit\u00e9.<\/p>","protected":false},"excerpt":{"rendered":"<p>COLORANT ROUGE Description : Colorant concentr\u00e9.Fonction : Coloration des produits.Applications : D\u00e9tergents, cosm\u00e9tiques.Avantages : Bonne intensit\u00e9.<\/p>","protected":false},"featured_media":2472,"template":"","meta":[],"product_brand":[],"product_cat":[15],"product_tag":[],"class_list":{"0":"post-2640","1":"product","2":"type-product","3":"status-publish","4":"has-post-thumbnail","6":"product_cat-uncategorized","8":"first","9":"instock","10":"taxable","11":"shipping-taxable","12":"purchasable","13":"product-type-simple"},"_links":{"self":[{"href":"https:\/\/kymiashop.com\/ar\/wp-json\/wp\/v2\/product\/2640","targetHints":{"allow":["GET"]}}],"collection":[{"href":"https:\/\/kymiashop.com\/ar\/wp-json\/wp\/v2\/product"}],"about":[{"href":"https:\/\/kymiashop.com\/ar\/wp-json\/wp\/v2\/types\/product"}],"wp:featuredmedia":[{"embeddable":true,"href":"https:\/\/kymiashop.com\/ar\/wp-json\/wp\/v2\/media\/2472"}],"wp:attachment":[{"href":"https:\/\/kymiashop.com\/ar\/wp-json\/wp\/v2\/media?parent=2640"}],"wp:term":[{"taxonomy":"product_brand","embeddable":true,"href":"https:\/\/kymiashop.com\/ar\/wp-json\/wp\/v2\/product_brand?post=2640"},{"taxonomy":"product_cat","embeddable":true,"href":"https:\/\/kymiashop.com\/ar\/wp-json\/wp\/v2\/product_cat?post=2640"},{"taxonomy":"product_tag","embeddable":true,"href":"https:\/\/kymiashop.com\/ar\/wp-json\/wp\/v2\/product_tag?post=2640"}],"curies":[{"name":"wp","href":"https:\/\/api.w.org\/{rel}","templated":true}]}}