{"id":2642,"date":"2026-01-22T09:00:33","date_gmt":"2026-01-22T08:00:33","guid":{"rendered":"https:\/\/kymiashop.com\/fr_fr\/?post_type=product&#038;p=2642"},"modified":"2026-01-22T10:50:56","modified_gmt":"2026-01-22T09:50:56","slug":"colorant-vert","status":"publish","type":"product","link":"https:\/\/kymiashop.com\/ar\/product\/colorant-vert\/","title":{"rendered":"COLORANT VERT"},"content":{"rendered":"<h3 data-start=\"3367\" data-end=\"3388\"><strong data-start=\"3371\" data-end=\"3388\">COLORANT VERT<\/strong><\/h3>\n<p data-start=\"3389\" data-end=\"3571\"><strong data-start=\"3389\" data-end=\"3406\">Description :<\/strong> Colorant pour produits m\u00e9nagers et cosm\u00e9tiques.<br data-start=\"3454\" data-end=\"3457\" \/><strong data-start=\"3457\" data-end=\"3471\">Fonction :<\/strong> Coloration.<br data-start=\"3483\" data-end=\"3486\" \/><strong data-start=\"3486\" data-end=\"3504\">Applications :<\/strong> Nettoyants, soins.<br data-start=\"3523\" data-end=\"3526\" \/><strong data-start=\"3526\" data-end=\"3541\">Avantages :<\/strong> Bonne stabilit\u00e9 \u00e0 la lumi\u00e8re.<\/p>","protected":false},"excerpt":{"rendered":"<p>COLORANT VERT Description : Colorant pour produits m\u00e9nagers et cosm\u00e9tiques.Fonction : Coloration.Applications : Nettoyants, soins.Avantages : Bonne stabilit\u00e9 \u00e0 la lumi\u00e8re.<\/p>","protected":false},"featured_media":2473,"template":"","meta":[],"product_brand":[],"product_cat":[15],"product_tag":[],"class_list":{"0":"post-2642","1":"product","2":"type-product","3":"status-publish","4":"has-post-thumbnail","6":"product_cat-uncategorized","8":"first","9":"instock","10":"taxable","11":"shipping-taxable","12":"purchasable","13":"product-type-simple"},"_links":{"self":[{"href":"https:\/\/kymiashop.com\/ar\/wp-json\/wp\/v2\/product\/2642","targetHints":{"allow":["GET"]}}],"collection":[{"href":"https:\/\/kymiashop.com\/ar\/wp-json\/wp\/v2\/product"}],"about":[{"href":"https:\/\/kymiashop.com\/ar\/wp-json\/wp\/v2\/types\/product"}],"wp:featuredmedia":[{"embeddable":true,"href":"https:\/\/kymiashop.com\/ar\/wp-json\/wp\/v2\/media\/2473"}],"wp:attachment":[{"href":"https:\/\/kymiashop.com\/ar\/wp-json\/wp\/v2\/media?parent=2642"}],"wp:term":[{"taxonomy":"product_brand","embeddable":true,"href":"https:\/\/kymiashop.com\/ar\/wp-json\/wp\/v2\/product_brand?post=2642"},{"taxonomy":"product_cat","embeddable":true,"href":"https:\/\/kymiashop.com\/ar\/wp-json\/wp\/v2\/product_cat?post=2642"},{"taxonomy":"product_tag","embeddable":true,"href":"https:\/\/kymiashop.com\/ar\/wp-json\/wp\/v2\/product_tag?post=2642"}],"curies":[{"name":"wp","href":"https:\/\/api.w.org\/{rel}","templated":true}]}}