{"id":2647,"date":"2026-01-22T09:03:41","date_gmt":"2026-01-22T08:03:41","guid":{"rendered":"https:\/\/kymiashop.com\/fr_fr\/?post_type=product&#038;p=2647"},"modified":"2026-01-22T11:38:00","modified_gmt":"2026-01-22T10:38:00","slug":"hedp-2","status":"publish","type":"product","link":"https:\/\/kymiashop.com\/ar\/product\/hedp-2\/","title":{"rendered":"HEDP"},"content":{"rendered":"<h3 data-start=\"185\" data-end=\"197\"><strong data-start=\"189\" data-end=\"197\">HEDP<\/strong><\/h3>\n<p data-start=\"198\" data-end=\"416\"><strong data-start=\"198\" data-end=\"215\">Description :<\/strong> Agent ch\u00e9latant organophosphor\u00e9.<br data-start=\"248\" data-end=\"251\" \/><strong data-start=\"251\" data-end=\"265\">Fonction :<\/strong> S\u00e9questrant des ions m\u00e9talliques.<br data-start=\"299\" data-end=\"302\" \/><strong data-start=\"302\" data-end=\"320\">Applications :<\/strong> D\u00e9tergents, traitement des eaux.<br data-start=\"353\" data-end=\"356\" \/><strong data-start=\"356\" data-end=\"371\">Avantages :<\/strong> Am\u00e9liore l\u2019efficacit\u00e9 des agents nettoyants.<\/p>","protected":false},"excerpt":{"rendered":"<p>HEDP Description : Agent ch\u00e9latant organophosphor\u00e9.Fonction : S\u00e9questrant des ions m\u00e9talliques.Applications : D\u00e9tergents, traitement des eaux.Avantages : Am\u00e9liore l\u2019efficacit\u00e9 des agents nettoyants.<\/p>","protected":false},"featured_media":2479,"template":"","meta":[],"product_brand":[],"product_cat":[15],"product_tag":[],"class_list":{"0":"post-2647","1":"product","2":"type-product","3":"status-publish","4":"has-post-thumbnail","6":"product_cat-uncategorized","8":"first","9":"instock","10":"taxable","11":"shipping-taxable","12":"product-type-simple"},"_links":{"self":[{"href":"https:\/\/kymiashop.com\/ar\/wp-json\/wp\/v2\/product\/2647","targetHints":{"allow":["GET"]}}],"collection":[{"href":"https:\/\/kymiashop.com\/ar\/wp-json\/wp\/v2\/product"}],"about":[{"href":"https:\/\/kymiashop.com\/ar\/wp-json\/wp\/v2\/types\/product"}],"wp:featuredmedia":[{"embeddable":true,"href":"https:\/\/kymiashop.com\/ar\/wp-json\/wp\/v2\/media\/2479"}],"wp:attachment":[{"href":"https:\/\/kymiashop.com\/ar\/wp-json\/wp\/v2\/media?parent=2647"}],"wp:term":[{"taxonomy":"product_brand","embeddable":true,"href":"https:\/\/kymiashop.com\/ar\/wp-json\/wp\/v2\/product_brand?post=2647"},{"taxonomy":"product_cat","embeddable":true,"href":"https:\/\/kymiashop.com\/ar\/wp-json\/wp\/v2\/product_cat?post=2647"},{"taxonomy":"product_tag","embeddable":true,"href":"https:\/\/kymiashop.com\/ar\/wp-json\/wp\/v2\/product_tag?post=2647"}],"curies":[{"name":"wp","href":"https:\/\/api.w.org\/{rel}","templated":true}]}}