{"id":2659,"date":"2026-01-22T09:15:46","date_gmt":"2026-01-22T08:15:46","guid":{"rendered":"https:\/\/kymiashop.com\/fr_fr\/?post_type=product&#038;p=2659"},"modified":"2026-01-22T10:55:25","modified_gmt":"2026-01-22T09:55:25","slug":"cutina-ags","status":"publish","type":"product","link":"https:\/\/kymiashop.com\/ar\/product\/cutina-ags\/","title":{"rendered":"CUTINA AGS"},"content":{"rendered":"<h3 data-start=\"4275\" data-end=\"4293\"><strong data-start=\"4279\" data-end=\"4293\">CUTINA AGS<\/strong><\/h3>\n<p data-start=\"4294\" data-end=\"4480\"><strong data-start=\"4294\" data-end=\"4311\">Description :<\/strong> Co-\u00e9mulsifiant et agent de consistance.<br data-start=\"4351\" data-end=\"4354\" \/><strong data-start=\"4354\" data-end=\"4368\">Fonction :<\/strong> Stabilisation des \u00e9mulsions.<br data-start=\"4397\" data-end=\"4400\" \/><strong data-start=\"4400\" data-end=\"4418\">Applications :<\/strong> Cr\u00e8mes et lotions.<br data-start=\"4437\" data-end=\"4440\" \/><strong data-start=\"4440\" data-end=\"4455\">Avantages :<\/strong> Texture riche et stable.<\/p>","protected":false},"excerpt":{"rendered":"<p>CUTINA AGS Description : Co-\u00e9mulsifiant et agent de consistance.Fonction : Stabilisation des \u00e9mulsions.Applications : Cr\u00e8mes et lotions.Avantages : Texture riche et stable.<\/p>","protected":false},"featured_media":2507,"template":"","meta":[],"product_brand":[],"product_cat":[15],"product_tag":[],"class_list":{"0":"post-2659","1":"product","2":"type-product","3":"status-publish","4":"has-post-thumbnail","6":"product_cat-uncategorized","8":"first","9":"instock","10":"taxable","11":"shipping-taxable","12":"purchasable","13":"product-type-simple"},"_links":{"self":[{"href":"https:\/\/kymiashop.com\/ar\/wp-json\/wp\/v2\/product\/2659","targetHints":{"allow":["GET"]}}],"collection":[{"href":"https:\/\/kymiashop.com\/ar\/wp-json\/wp\/v2\/product"}],"about":[{"href":"https:\/\/kymiashop.com\/ar\/wp-json\/wp\/v2\/types\/product"}],"wp:featuredmedia":[{"embeddable":true,"href":"https:\/\/kymiashop.com\/ar\/wp-json\/wp\/v2\/media\/2507"}],"wp:attachment":[{"href":"https:\/\/kymiashop.com\/ar\/wp-json\/wp\/v2\/media?parent=2659"}],"wp:term":[{"taxonomy":"product_brand","embeddable":true,"href":"https:\/\/kymiashop.com\/ar\/wp-json\/wp\/v2\/product_brand?post=2659"},{"taxonomy":"product_cat","embeddable":true,"href":"https:\/\/kymiashop.com\/ar\/wp-json\/wp\/v2\/product_cat?post=2659"},{"taxonomy":"product_tag","embeddable":true,"href":"https:\/\/kymiashop.com\/ar\/wp-json\/wp\/v2\/product_tag?post=2659"}],"curies":[{"name":"wp","href":"https:\/\/api.w.org\/{rel}","templated":true}]}}