{"id":2661,"date":"2026-01-22T09:16:53","date_gmt":"2026-01-22T08:16:53","guid":{"rendered":"https:\/\/kymiashop.com\/fr_fr\/?post_type=product&#038;p=2661"},"modified":"2026-01-22T10:55:53","modified_gmt":"2026-01-22T09:55:53","slug":"cutina-gms","status":"publish","type":"product","link":"https:\/\/kymiashop.com\/ar\/product\/cutina-gms\/","title":{"rendered":"CUTINA GMS"},"content":{"rendered":"<h3 data-start=\"4487\" data-end=\"4505\"><strong data-start=\"4491\" data-end=\"4505\">CUTINA GMS<\/strong><\/h3>\n<p data-start=\"4506\" data-end=\"4699\"><strong data-start=\"4506\" data-end=\"4523\">Description :<\/strong> Glyc\u00e9ryl monost\u00e9arate.<br data-start=\"4546\" data-end=\"4549\" \/><strong data-start=\"4549\" data-end=\"4563\">Fonction :<\/strong> \u00c9mulsifiant et \u00e9paississant.<br data-start=\"4592\" data-end=\"4595\" \/><strong data-start=\"4595\" data-end=\"4613\">Applications :<\/strong> Cosm\u00e9tiques, produits de soin.<br data-start=\"4644\" data-end=\"4647\" \/><strong data-start=\"4647\" data-end=\"4662\">Avantages :<\/strong> Am\u00e9liore la stabilit\u00e9 et la texture.<\/p>","protected":false},"excerpt":{"rendered":"<p>CUTINA GMS Description : Glyc\u00e9ryl monost\u00e9arate.Fonction : \u00c9mulsifiant et \u00e9paississant.Applications : Cosm\u00e9tiques, produits de soin.Avantages : Am\u00e9liore la stabilit\u00e9 et la texture.<\/p>","protected":false},"featured_media":2509,"template":"","meta":[],"product_brand":[],"product_cat":[15],"product_tag":[],"class_list":{"0":"post-2661","1":"product","2":"type-product","3":"status-publish","4":"has-post-thumbnail","6":"product_cat-uncategorized","8":"first","9":"instock","10":"taxable","11":"shipping-taxable","12":"purchasable","13":"product-type-simple"},"_links":{"self":[{"href":"https:\/\/kymiashop.com\/ar\/wp-json\/wp\/v2\/product\/2661","targetHints":{"allow":["GET"]}}],"collection":[{"href":"https:\/\/kymiashop.com\/ar\/wp-json\/wp\/v2\/product"}],"about":[{"href":"https:\/\/kymiashop.com\/ar\/wp-json\/wp\/v2\/types\/product"}],"wp:featuredmedia":[{"embeddable":true,"href":"https:\/\/kymiashop.com\/ar\/wp-json\/wp\/v2\/media\/2509"}],"wp:attachment":[{"href":"https:\/\/kymiashop.com\/ar\/wp-json\/wp\/v2\/media?parent=2661"}],"wp:term":[{"taxonomy":"product_brand","embeddable":true,"href":"https:\/\/kymiashop.com\/ar\/wp-json\/wp\/v2\/product_brand?post=2661"},{"taxonomy":"product_cat","embeddable":true,"href":"https:\/\/kymiashop.com\/ar\/wp-json\/wp\/v2\/product_cat?post=2661"},{"taxonomy":"product_tag","embeddable":true,"href":"https:\/\/kymiashop.com\/ar\/wp-json\/wp\/v2\/product_tag?post=2661"}],"curies":[{"name":"wp","href":"https:\/\/api.w.org\/{rel}","templated":true}]}}