{"id":2667,"date":"2026-01-22T09:20:59","date_gmt":"2026-01-22T08:20:59","guid":{"rendered":"https:\/\/kymiashop.com\/fr_fr\/?post_type=product&#038;p=2667"},"modified":"2026-01-22T11:32:34","modified_gmt":"2026-01-22T10:32:34","slug":"gomme-guar","status":"publish","type":"product","link":"https:\/\/kymiashop.com\/ar\/product\/gomme-guar\/","title":{"rendered":"GOMME GUAR"},"content":{"rendered":"<h3 data-start=\"7830\" data-end=\"7848\"><strong data-start=\"7834\" data-end=\"7848\">GOMME GUAR<\/strong><\/h3>\n<p data-start=\"7849\" data-end=\"8005\"><strong data-start=\"7849\" data-end=\"7866\">Description :<\/strong> Polysaccharide naturel.<br data-start=\"7890\" data-end=\"7893\" \/><strong data-start=\"7893\" data-end=\"7907\">Fonction :<\/strong> \u00c9paississant.<br data-start=\"7921\" data-end=\"7924\" \/><strong data-start=\"7924\" data-end=\"7942\">Applications :<\/strong> Cosm\u00e9tiques, d\u00e9tergents.<br data-start=\"7967\" data-end=\"7970\" \/><strong data-start=\"7970\" data-end=\"7985\">Avantages :<\/strong> D\u2019origine v\u00e9g\u00e9tale.<\/p>","protected":false},"excerpt":{"rendered":"<p>GOMME GUAR Description : Polysaccharide naturel.Fonction : \u00c9paississant.Applications : Cosm\u00e9tiques, d\u00e9tergents.Avantages : D\u2019origine v\u00e9g\u00e9tale.<\/p>","protected":false},"featured_media":2518,"template":"","meta":[],"product_brand":[],"product_cat":[15],"product_tag":[],"class_list":{"0":"post-2667","1":"product","2":"type-product","3":"status-publish","4":"has-post-thumbnail","6":"product_cat-uncategorized","8":"first","9":"instock","10":"taxable","11":"shipping-taxable","12":"purchasable","13":"product-type-simple"},"_links":{"self":[{"href":"https:\/\/kymiashop.com\/ar\/wp-json\/wp\/v2\/product\/2667","targetHints":{"allow":["GET"]}}],"collection":[{"href":"https:\/\/kymiashop.com\/ar\/wp-json\/wp\/v2\/product"}],"about":[{"href":"https:\/\/kymiashop.com\/ar\/wp-json\/wp\/v2\/types\/product"}],"wp:featuredmedia":[{"embeddable":true,"href":"https:\/\/kymiashop.com\/ar\/wp-json\/wp\/v2\/media\/2518"}],"wp:attachment":[{"href":"https:\/\/kymiashop.com\/ar\/wp-json\/wp\/v2\/media?parent=2667"}],"wp:term":[{"taxonomy":"product_brand","embeddable":true,"href":"https:\/\/kymiashop.com\/ar\/wp-json\/wp\/v2\/product_brand?post=2667"},{"taxonomy":"product_cat","embeddable":true,"href":"https:\/\/kymiashop.com\/ar\/wp-json\/wp\/v2\/product_cat?post=2667"},{"taxonomy":"product_tag","embeddable":true,"href":"https:\/\/kymiashop.com\/ar\/wp-json\/wp\/v2\/product_tag?post=2667"}],"curies":[{"name":"wp","href":"https:\/\/api.w.org\/{rel}","templated":true}]}}