{"id":2669,"date":"2026-01-22T09:22:41","date_gmt":"2026-01-22T08:22:41","guid":{"rendered":"https:\/\/kymiashop.com\/fr_fr\/?post_type=product&#038;p=2669"},"modified":"2026-01-22T13:18:14","modified_gmt":"2026-01-22T12:18:14","slug":"lanette-16","status":"publish","type":"product","link":"https:\/\/kymiashop.com\/ar\/product\/lanette-16\/","title":{"rendered":"LANETTE 16"},"content":{"rendered":"<h3 data-start=\"3755\" data-end=\"3773\"><strong data-start=\"3759\" data-end=\"3773\">LANETTE 16<\/strong><\/h3>\n<p data-start=\"3774\" data-end=\"3935\"><strong data-start=\"3774\" data-end=\"3791\">Description :<\/strong> Alcool gras \u00e9paississant.<br data-start=\"3817\" data-end=\"3820\" \/><strong data-start=\"3820\" data-end=\"3834\">Fonction :<\/strong> Agent de consistance.<br data-start=\"3856\" data-end=\"3859\" \/><strong data-start=\"3859\" data-end=\"3877\">Applications :<\/strong> Cr\u00e8mes et lotions.<br data-start=\"3896\" data-end=\"3899\" \/><strong data-start=\"3899\" data-end=\"3914\">Avantages :<\/strong> Am\u00e9liore la texture.<\/p>","protected":false},"excerpt":{"rendered":"<p>LANETTE 16 Description : Alcool gras \u00e9paississant.Fonction : Agent de consistance.Applications : Cr\u00e8mes et lotions.Avantages : Am\u00e9liore la texture.<\/p>","protected":false},"featured_media":2521,"template":"","meta":[],"product_brand":[],"product_cat":[15],"product_tag":[],"class_list":{"0":"post-2669","1":"product","2":"type-product","3":"status-publish","4":"has-post-thumbnail","6":"product_cat-uncategorized","8":"first","9":"instock","10":"taxable","11":"shipping-taxable","12":"product-type-simple"},"_links":{"self":[{"href":"https:\/\/kymiashop.com\/ar\/wp-json\/wp\/v2\/product\/2669","targetHints":{"allow":["GET"]}}],"collection":[{"href":"https:\/\/kymiashop.com\/ar\/wp-json\/wp\/v2\/product"}],"about":[{"href":"https:\/\/kymiashop.com\/ar\/wp-json\/wp\/v2\/types\/product"}],"wp:featuredmedia":[{"embeddable":true,"href":"https:\/\/kymiashop.com\/ar\/wp-json\/wp\/v2\/media\/2521"}],"wp:attachment":[{"href":"https:\/\/kymiashop.com\/ar\/wp-json\/wp\/v2\/media?parent=2669"}],"wp:term":[{"taxonomy":"product_brand","embeddable":true,"href":"https:\/\/kymiashop.com\/ar\/wp-json\/wp\/v2\/product_brand?post=2669"},{"taxonomy":"product_cat","embeddable":true,"href":"https:\/\/kymiashop.com\/ar\/wp-json\/wp\/v2\/product_cat?post=2669"},{"taxonomy":"product_tag","embeddable":true,"href":"https:\/\/kymiashop.com\/ar\/wp-json\/wp\/v2\/product_tag?post=2669"}],"curies":[{"name":"wp","href":"https:\/\/api.w.org\/{rel}","templated":true}]}}