{"id":2670,"date":"2026-01-22T09:23:16","date_gmt":"2026-01-22T08:23:16","guid":{"rendered":"https:\/\/kymiashop.com\/fr_fr\/?post_type=product&#038;p=2670"},"modified":"2026-01-22T13:18:44","modified_gmt":"2026-01-22T12:18:44","slug":"lanette-22","status":"publish","type":"product","link":"https:\/\/kymiashop.com\/ar\/product\/lanette-22\/","title":{"rendered":"LANETTE 22"},"content":{"rendered":"<h3 data-start=\"3942\" data-end=\"3960\"><strong data-start=\"3946\" data-end=\"3960\">LANETTE 22<\/strong><\/h3>\n<p data-start=\"3961\" data-end=\"4118\"><strong data-start=\"3961\" data-end=\"3978\">Description :<\/strong> Alcool gras \u00e9mollient.<br data-start=\"4001\" data-end=\"4004\" \/><strong data-start=\"4004\" data-end=\"4018\">Fonction :<\/strong> \u00c9paississement et stabilisation.<br data-start=\"4051\" data-end=\"4054\" \/><strong data-start=\"4054\" data-end=\"4072\">Applications :<\/strong> Cosm\u00e9tiques.<br data-start=\"4085\" data-end=\"4088\" \/><strong data-start=\"4088\" data-end=\"4103\">Avantages :<\/strong> Texture riche.<\/p>","protected":false},"excerpt":{"rendered":"<p>LANETTE 22 Description : Alcool gras \u00e9mollient.Fonction : \u00c9paississement et stabilisation.Applications : Cosm\u00e9tiques.Avantages : Texture riche.<\/p>","protected":false},"featured_media":2522,"template":"","meta":[],"product_brand":[],"product_cat":[15],"product_tag":[],"class_list":{"0":"post-2670","1":"product","2":"type-product","3":"status-publish","4":"has-post-thumbnail","6":"product_cat-uncategorized","8":"first","9":"instock","10":"taxable","11":"shipping-taxable","12":"product-type-simple"},"_links":{"self":[{"href":"https:\/\/kymiashop.com\/ar\/wp-json\/wp\/v2\/product\/2670","targetHints":{"allow":["GET"]}}],"collection":[{"href":"https:\/\/kymiashop.com\/ar\/wp-json\/wp\/v2\/product"}],"about":[{"href":"https:\/\/kymiashop.com\/ar\/wp-json\/wp\/v2\/types\/product"}],"wp:featuredmedia":[{"embeddable":true,"href":"https:\/\/kymiashop.com\/ar\/wp-json\/wp\/v2\/media\/2522"}],"wp:attachment":[{"href":"https:\/\/kymiashop.com\/ar\/wp-json\/wp\/v2\/media?parent=2670"}],"wp:term":[{"taxonomy":"product_brand","embeddable":true,"href":"https:\/\/kymiashop.com\/ar\/wp-json\/wp\/v2\/product_brand?post=2670"},{"taxonomy":"product_cat","embeddable":true,"href":"https:\/\/kymiashop.com\/ar\/wp-json\/wp\/v2\/product_cat?post=2670"},{"taxonomy":"product_tag","embeddable":true,"href":"https:\/\/kymiashop.com\/ar\/wp-json\/wp\/v2\/product_tag?post=2670"}],"curies":[{"name":"wp","href":"https:\/\/api.w.org\/{rel}","templated":true}]}}