{"id":2677,"date":"2026-01-22T09:28:26","date_gmt":"2026-01-22T08:28:26","guid":{"rendered":"https:\/\/kymiashop.com\/fr_fr\/?post_type=product&#038;p=2677"},"modified":"2026-01-22T14:07:24","modified_gmt":"2026-01-22T13:07:24","slug":"polyquaternium-10","status":"publish","type":"product","link":"https:\/\/kymiashop.com\/ar\/product\/polyquaternium-10\/","title":{"rendered":"POLYQUATERNIUM 10"},"content":{"rendered":"<h3 data-start=\"3690\" data-end=\"3715\"><strong data-start=\"3694\" data-end=\"3715\">POLYQUATERNIUM 10<\/strong><\/h3>\n<p data-start=\"3716\" data-end=\"3908\"><strong data-start=\"3716\" data-end=\"3733\">Description :<\/strong> Polym\u00e8re cationique conditionneur.<br data-start=\"3768\" data-end=\"3771\" \/><strong data-start=\"3771\" data-end=\"3785\">Fonction :<\/strong> D\u00e9m\u00ealage et douceur.<br data-start=\"3806\" data-end=\"3809\" \/><strong data-start=\"3809\" data-end=\"3827\">Applications :<\/strong> Shampoings, apr\u00e8s-shampoings.<br data-start=\"3857\" data-end=\"3860\" \/><strong data-start=\"3860\" data-end=\"3875\">Avantages :<\/strong> Am\u00e9liore la texture des cheveux.<\/p>","protected":false},"excerpt":{"rendered":"<p>POLYQUATERNIUM 10 Description : Polym\u00e8re cationique conditionneur.Fonction : D\u00e9m\u00ealage et douceur.Applications : Shampoings, apr\u00e8s-shampoings.Avantages : Am\u00e9liore la texture des cheveux.<\/p>","protected":false},"featured_media":2529,"template":"","meta":[],"product_brand":[],"product_cat":[15],"product_tag":[],"class_list":{"0":"post-2677","1":"product","2":"type-product","3":"status-publish","4":"has-post-thumbnail","6":"product_cat-uncategorized","8":"first","9":"instock","10":"taxable","11":"shipping-taxable","12":"product-type-simple"},"_links":{"self":[{"href":"https:\/\/kymiashop.com\/ar\/wp-json\/wp\/v2\/product\/2677","targetHints":{"allow":["GET"]}}],"collection":[{"href":"https:\/\/kymiashop.com\/ar\/wp-json\/wp\/v2\/product"}],"about":[{"href":"https:\/\/kymiashop.com\/ar\/wp-json\/wp\/v2\/types\/product"}],"wp:featuredmedia":[{"embeddable":true,"href":"https:\/\/kymiashop.com\/ar\/wp-json\/wp\/v2\/media\/2529"}],"wp:attachment":[{"href":"https:\/\/kymiashop.com\/ar\/wp-json\/wp\/v2\/media?parent=2677"}],"wp:term":[{"taxonomy":"product_brand","embeddable":true,"href":"https:\/\/kymiashop.com\/ar\/wp-json\/wp\/v2\/product_brand?post=2677"},{"taxonomy":"product_cat","embeddable":true,"href":"https:\/\/kymiashop.com\/ar\/wp-json\/wp\/v2\/product_cat?post=2677"},{"taxonomy":"product_tag","embeddable":true,"href":"https:\/\/kymiashop.com\/ar\/wp-json\/wp\/v2\/product_tag?post=2677"}],"curies":[{"name":"wp","href":"https:\/\/api.w.org\/{rel}","templated":true}]}}