{"id":2678,"date":"2026-01-22T09:28:50","date_gmt":"2026-01-22T08:28:50","guid":{"rendered":"https:\/\/kymiashop.com\/fr_fr\/?post_type=product&#038;p=2678"},"modified":"2026-01-22T14:27:51","modified_gmt":"2026-01-22T13:27:51","slug":"saccharin","status":"publish","type":"product","link":"https:\/\/kymiashop.com\/ar\/product\/saccharin\/","title":{"rendered":"SACCHARIN"},"content":{"rendered":"<h3 data-start=\"5551\" data-end=\"5569\"><strong data-start=\"5555\" data-end=\"5569\">SACCHARIN<\/strong><\/h3>\n<p data-start=\"5570\" data-end=\"5753\"><strong data-start=\"5570\" data-end=\"5587\">Description :<\/strong> \u00c9dulcorant de synth\u00e8se.<br data-start=\"5611\" data-end=\"5614\" \/><strong data-start=\"5614\" data-end=\"5628\">Fonction :<\/strong> Correction du go\u00fbt.<br data-start=\"5648\" data-end=\"5651\" \/><strong data-start=\"5651\" data-end=\"5669\">Applications :<\/strong> Produits sp\u00e9cifiques (non d\u00e9tergents).<br data-start=\"5708\" data-end=\"5711\" \/><strong data-start=\"5711\" data-end=\"5726\">Avantages :<\/strong> Tr\u00e8s fort pouvoir sucrant.<\/p>","protected":false},"excerpt":{"rendered":"<p>SACCHARIN Description : \u00c9dulcorant de synth\u00e8se.Fonction : Correction du go\u00fbt.Applications : Produits sp\u00e9cifiques (non d\u00e9tergents).Avantages : Tr\u00e8s fort pouvoir sucrant.<\/p>","protected":false},"featured_media":2531,"template":"","meta":[],"product_brand":[],"product_cat":[15],"product_tag":[],"class_list":{"0":"post-2678","1":"product","2":"type-product","3":"status-publish","4":"has-post-thumbnail","6":"product_cat-uncategorized","8":"first","9":"instock","10":"taxable","11":"shipping-taxable","12":"purchasable","13":"product-type-simple"},"_links":{"self":[{"href":"https:\/\/kymiashop.com\/ar\/wp-json\/wp\/v2\/product\/2678","targetHints":{"allow":["GET"]}}],"collection":[{"href":"https:\/\/kymiashop.com\/ar\/wp-json\/wp\/v2\/product"}],"about":[{"href":"https:\/\/kymiashop.com\/ar\/wp-json\/wp\/v2\/types\/product"}],"wp:featuredmedia":[{"embeddable":true,"href":"https:\/\/kymiashop.com\/ar\/wp-json\/wp\/v2\/media\/2531"}],"wp:attachment":[{"href":"https:\/\/kymiashop.com\/ar\/wp-json\/wp\/v2\/media?parent=2678"}],"wp:term":[{"taxonomy":"product_brand","embeddable":true,"href":"https:\/\/kymiashop.com\/ar\/wp-json\/wp\/v2\/product_brand?post=2678"},{"taxonomy":"product_cat","embeddable":true,"href":"https:\/\/kymiashop.com\/ar\/wp-json\/wp\/v2\/product_cat?post=2678"},{"taxonomy":"product_tag","embeddable":true,"href":"https:\/\/kymiashop.com\/ar\/wp-json\/wp\/v2\/product_tag?post=2678"}],"curies":[{"name":"wp","href":"https:\/\/api.w.org\/{rel}","templated":true}]}}