{"id":2679,"date":"2026-01-22T09:29:18","date_gmt":"2026-01-22T08:29:18","guid":{"rendered":"https:\/\/kymiashop.com\/fr_fr\/?post_type=product&#038;p=2679"},"modified":"2026-01-22T14:29:36","modified_gmt":"2026-01-22T13:29:36","slug":"sorbate-de-potassium","status":"publish","type":"product","link":"https:\/\/kymiashop.com\/ar\/product\/sorbate-de-potassium\/","title":{"rendered":"SORBATE DE POTASSIUM"},"content":{"rendered":"<h3 data-start=\"5760\" data-end=\"5788\"><strong data-start=\"5764\" data-end=\"5788\">SORBATE DE POTASSIUM<\/strong><\/h3>\n<p data-start=\"5789\" data-end=\"5991\"><strong data-start=\"5789\" data-end=\"5806\">Description :<\/strong> Conservateur alimentaire et cosm\u00e9tique.<br data-start=\"5846\" data-end=\"5849\" \/><strong data-start=\"5849\" data-end=\"5863\">Fonction :<\/strong> Protection contre levures et moisissures.<br data-start=\"5905\" data-end=\"5908\" \/><strong data-start=\"5908\" data-end=\"5926\">Applications :<\/strong> Cosm\u00e9tiques, d\u00e9tergents doux.<br data-start=\"5956\" data-end=\"5959\" \/><strong data-start=\"5959\" data-end=\"5974\">Avantages :<\/strong> Bonne tol\u00e9rance.<\/p>","protected":false},"excerpt":{"rendered":"<p>SORBATE DE POTASSIUM Description : Conservateur alimentaire et cosm\u00e9tique.Fonction : Protection contre levures et moisissures.Applications : Cosm\u00e9tiques, d\u00e9tergents doux.Avantages : Bonne tol\u00e9rance.<\/p>","protected":false},"featured_media":2532,"template":"","meta":[],"product_brand":[],"product_cat":[15],"product_tag":[],"class_list":{"0":"post-2679","1":"product","2":"type-product","3":"status-publish","4":"has-post-thumbnail","6":"product_cat-uncategorized","8":"first","9":"instock","10":"taxable","11":"shipping-taxable","12":"purchasable","13":"product-type-simple"},"_links":{"self":[{"href":"https:\/\/kymiashop.com\/ar\/wp-json\/wp\/v2\/product\/2679","targetHints":{"allow":["GET"]}}],"collection":[{"href":"https:\/\/kymiashop.com\/ar\/wp-json\/wp\/v2\/product"}],"about":[{"href":"https:\/\/kymiashop.com\/ar\/wp-json\/wp\/v2\/types\/product"}],"wp:featuredmedia":[{"embeddable":true,"href":"https:\/\/kymiashop.com\/ar\/wp-json\/wp\/v2\/media\/2532"}],"wp:attachment":[{"href":"https:\/\/kymiashop.com\/ar\/wp-json\/wp\/v2\/media?parent=2679"}],"wp:term":[{"taxonomy":"product_brand","embeddable":true,"href":"https:\/\/kymiashop.com\/ar\/wp-json\/wp\/v2\/product_brand?post=2679"},{"taxonomy":"product_cat","embeddable":true,"href":"https:\/\/kymiashop.com\/ar\/wp-json\/wp\/v2\/product_cat?post=2679"},{"taxonomy":"product_tag","embeddable":true,"href":"https:\/\/kymiashop.com\/ar\/wp-json\/wp\/v2\/product_tag?post=2679"}],"curies":[{"name":"wp","href":"https:\/\/api.w.org\/{rel}","templated":true}]}}