{"id":2682,"date":"2026-01-22T09:30:51","date_gmt":"2026-01-22T08:30:51","guid":{"rendered":"https:\/\/kymiashop.com\/fr_fr\/?post_type=product&#038;p=2682"},"modified":"2026-01-22T14:55:22","modified_gmt":"2026-01-22T13:55:22","slug":"uree","status":"publish","type":"product","link":"https:\/\/kymiashop.com\/ar\/product\/uree\/","title":{"rendered":"UREE"},"content":{"rendered":"<h3 data-start=\"3089\" data-end=\"3101\"><strong data-start=\"3093\" data-end=\"3101\">UR\u00c9E<\/strong><\/h3>\n<p data-start=\"3102\" data-end=\"3318\"><strong data-start=\"3102\" data-end=\"3119\">Description :<\/strong> Actif hydratant et k\u00e9ratolytique.<br data-start=\"3153\" data-end=\"3156\" \/><strong data-start=\"3156\" data-end=\"3170\">Fonction :<\/strong> Hydratation et assouplissement de la peau.<br data-start=\"3213\" data-end=\"3216\" \/><strong data-start=\"3216\" data-end=\"3234\">Applications :<\/strong> Cosm\u00e9tiques, cr\u00e8mes r\u00e9paratrices.<br data-start=\"3268\" data-end=\"3271\" \/><strong data-start=\"3271\" data-end=\"3286\">Avantages :<\/strong> Tr\u00e8s efficace sur peaux s\u00e8ches.<\/p>","protected":false},"excerpt":{"rendered":"<p>UR\u00c9E Description : Actif hydratant et k\u00e9ratolytique.Fonction : Hydratation et assouplissement de la peau.Applications : Cosm\u00e9tiques, cr\u00e8mes r\u00e9paratrices.Avantages : Tr\u00e8s efficace sur peaux s\u00e8ches.<\/p>","protected":false},"featured_media":2538,"template":"","meta":[],"product_brand":[],"product_cat":[15],"product_tag":[],"class_list":{"0":"post-2682","1":"product","2":"type-product","3":"status-publish","4":"has-post-thumbnail","6":"product_cat-uncategorized","8":"first","9":"instock","10":"taxable","11":"shipping-taxable","12":"product-type-simple"},"_links":{"self":[{"href":"https:\/\/kymiashop.com\/ar\/wp-json\/wp\/v2\/product\/2682","targetHints":{"allow":["GET"]}}],"collection":[{"href":"https:\/\/kymiashop.com\/ar\/wp-json\/wp\/v2\/product"}],"about":[{"href":"https:\/\/kymiashop.com\/ar\/wp-json\/wp\/v2\/types\/product"}],"wp:featuredmedia":[{"embeddable":true,"href":"https:\/\/kymiashop.com\/ar\/wp-json\/wp\/v2\/media\/2538"}],"wp:attachment":[{"href":"https:\/\/kymiashop.com\/ar\/wp-json\/wp\/v2\/media?parent=2682"}],"wp:term":[{"taxonomy":"product_brand","embeddable":true,"href":"https:\/\/kymiashop.com\/ar\/wp-json\/wp\/v2\/product_brand?post=2682"},{"taxonomy":"product_cat","embeddable":true,"href":"https:\/\/kymiashop.com\/ar\/wp-json\/wp\/v2\/product_cat?post=2682"},{"taxonomy":"product_tag","embeddable":true,"href":"https:\/\/kymiashop.com\/ar\/wp-json\/wp\/v2\/product_tag?post=2682"}],"curies":[{"name":"wp","href":"https:\/\/api.w.org\/{rel}","templated":true}]}}