{"id":2684,"date":"2026-01-22T09:31:42","date_gmt":"2026-01-22T08:31:42","guid":{"rendered":"https:\/\/kymiashop.com\/fr_fr\/?post_type=product&#038;p=2684"},"modified":"2026-01-22T15:04:09","modified_gmt":"2026-01-22T14:04:09","slug":"vitamine-c","status":"publish","type":"product","link":"https:\/\/kymiashop.com\/ar\/product\/vitamine-c\/","title":{"rendered":"VITAMINE C"},"content":{"rendered":"<h3 data-start=\"1468\" data-end=\"1486\"><strong data-start=\"1472\" data-end=\"1486\">VITAMINE C<\/strong><\/h3>\n<p data-start=\"1487\" data-end=\"1676\"><strong data-start=\"1487\" data-end=\"1504\">Description :<\/strong> Actif antioxydant puissant.<br data-start=\"1532\" data-end=\"1535\" \/><strong data-start=\"1535\" data-end=\"1549\">Fonction :<\/strong> \u00c9clat et protection contre le vieillissement.<br data-start=\"1595\" data-end=\"1598\" \/><strong data-start=\"1598\" data-end=\"1616\">Applications :<\/strong> S\u00e9rums, cr\u00e8mes anti-\u00e2ge.<br data-start=\"1641\" data-end=\"1644\" \/><strong data-start=\"1644\" data-end=\"1659\">Avantages :<\/strong> Unifie le teint.<\/p>","protected":false},"excerpt":{"rendered":"<p>VITAMINE C Description : Actif antioxydant puissant.Fonction : \u00c9clat et protection contre le vieillissement.Applications : S\u00e9rums, cr\u00e8mes anti-\u00e2ge.Avantages : Unifie le teint.<\/p>","protected":false},"featured_media":2540,"template":"","meta":[],"product_brand":[],"product_cat":[15],"product_tag":[],"class_list":{"0":"post-2684","1":"product","2":"type-product","3":"status-publish","4":"has-post-thumbnail","6":"product_cat-uncategorized","8":"first","9":"instock","10":"taxable","11":"shipping-taxable","12":"product-type-simple"},"_links":{"self":[{"href":"https:\/\/kymiashop.com\/ar\/wp-json\/wp\/v2\/product\/2684","targetHints":{"allow":["GET"]}}],"collection":[{"href":"https:\/\/kymiashop.com\/ar\/wp-json\/wp\/v2\/product"}],"about":[{"href":"https:\/\/kymiashop.com\/ar\/wp-json\/wp\/v2\/types\/product"}],"wp:featuredmedia":[{"embeddable":true,"href":"https:\/\/kymiashop.com\/ar\/wp-json\/wp\/v2\/media\/2540"}],"wp:attachment":[{"href":"https:\/\/kymiashop.com\/ar\/wp-json\/wp\/v2\/media?parent=2684"}],"wp:term":[{"taxonomy":"product_brand","embeddable":true,"href":"https:\/\/kymiashop.com\/ar\/wp-json\/wp\/v2\/product_brand?post=2684"},{"taxonomy":"product_cat","embeddable":true,"href":"https:\/\/kymiashop.com\/ar\/wp-json\/wp\/v2\/product_cat?post=2684"},{"taxonomy":"product_tag","embeddable":true,"href":"https:\/\/kymiashop.com\/ar\/wp-json\/wp\/v2\/product_tag?post=2684"}],"curies":[{"name":"wp","href":"https:\/\/api.w.org\/{rel}","templated":true}]}}