{"id":2685,"date":"2026-01-22T09:41:08","date_gmt":"2026-01-22T08:41:08","guid":{"rendered":"https:\/\/kymiashop.com\/fr_fr\/?post_type=product&#038;p=2685"},"modified":"2026-01-22T09:41:08","modified_gmt":"2026-01-22T08:41:08","slug":"acide-stearique","status":"publish","type":"product","link":"https:\/\/kymiashop.com\/ar\/product\/acide-stearique\/","title":{"rendered":"ACIDE ST\u00c9ARIQUE"},"content":{"rendered":"<h3 data-start=\"2434\" data-end=\"2457\"><strong data-start=\"2438\" data-end=\"2457\">ACIDE ST\u00c9ARIQUE<\/strong><\/h3>\n<p data-start=\"2458\" data-end=\"2695\"><strong data-start=\"2458\" data-end=\"2475\">Description :<\/strong> Acide gras d\u2019origine v\u00e9g\u00e9tale ou animale.<br data-start=\"2517\" data-end=\"2520\" \/><strong data-start=\"2520\" data-end=\"2534\">Fonction :<\/strong> Agent \u00e9paississant et durcisseur.<br data-start=\"2568\" data-end=\"2571\" \/><strong data-start=\"2571\" data-end=\"2589\">Applications :<\/strong> Savons, cr\u00e8mes, bougies, cosm\u00e9tiques.<br data-start=\"2627\" data-end=\"2630\" \/><strong data-start=\"2630\" data-end=\"2645\">Avantages :<\/strong> Am\u00e9liore la texture et la stabilit\u00e9 des formules.<\/p>","protected":false},"excerpt":{"rendered":"<p>ACIDE ST\u00c9ARIQUE Description : Acide gras d\u2019origine v\u00e9g\u00e9tale ou animale.Fonction : Agent \u00e9paississant et durcisseur.Applications : Savons, cr\u00e8mes, bougies, cosm\u00e9tiques.Avantages : Am\u00e9liore la texture et la stabilit\u00e9 des formules.<\/p>","protected":false},"featured_media":2686,"template":"","meta":[],"product_brand":[],"product_cat":[15],"product_tag":[],"class_list":{"0":"post-2685","1":"product","2":"type-product","3":"status-publish","4":"has-post-thumbnail","6":"product_cat-uncategorized","8":"first","9":"instock","10":"taxable","11":"shipping-taxable","12":"purchasable","13":"product-type-simple"},"_links":{"self":[{"href":"https:\/\/kymiashop.com\/ar\/wp-json\/wp\/v2\/product\/2685","targetHints":{"allow":["GET"]}}],"collection":[{"href":"https:\/\/kymiashop.com\/ar\/wp-json\/wp\/v2\/product"}],"about":[{"href":"https:\/\/kymiashop.com\/ar\/wp-json\/wp\/v2\/types\/product"}],"wp:featuredmedia":[{"embeddable":true,"href":"https:\/\/kymiashop.com\/ar\/wp-json\/wp\/v2\/media\/2686"}],"wp:attachment":[{"href":"https:\/\/kymiashop.com\/ar\/wp-json\/wp\/v2\/media?parent=2685"}],"wp:term":[{"taxonomy":"product_brand","embeddable":true,"href":"https:\/\/kymiashop.com\/ar\/wp-json\/wp\/v2\/product_brand?post=2685"},{"taxonomy":"product_cat","embeddable":true,"href":"https:\/\/kymiashop.com\/ar\/wp-json\/wp\/v2\/product_cat?post=2685"},{"taxonomy":"product_tag","embeddable":true,"href":"https:\/\/kymiashop.com\/ar\/wp-json\/wp\/v2\/product_tag?post=2685"}],"curies":[{"name":"wp","href":"https:\/\/api.w.org\/{rel}","templated":true}]}}