{"id":2687,"date":"2026-01-22T10:01:26","date_gmt":"2026-01-22T09:01:26","guid":{"rendered":"https:\/\/kymiashop.com\/fr_fr\/?post_type=product&#038;p=2687"},"modified":"2026-01-22T10:05:00","modified_gmt":"2026-01-22T09:05:00","slug":"acide-citrique","status":"publish","type":"product","link":"https:\/\/kymiashop.com\/ar\/product\/acide-citrique\/","title":{"rendered":"ACIDE CITRIQUE"},"content":{"rendered":"<h3 data-start=\"1281\" data-end=\"1303\"><strong data-start=\"1285\" data-end=\"1303\">ACIDE CITRIQUE<\/strong><\/h3>\n<p data-start=\"1304\" data-end=\"1553\"><strong data-start=\"1304\" data-end=\"1321\">Description :<\/strong> Acide organique naturel extrait des agrumes.<br data-start=\"1366\" data-end=\"1369\" \/><strong data-start=\"1369\" data-end=\"1383\">Fonction :<\/strong> D\u00e9tartrant, r\u00e9gulateur de pH.<br data-start=\"1413\" data-end=\"1416\" \/><strong data-start=\"1416\" data-end=\"1434\">Applications :<\/strong> Produits m\u00e9nagers, cosm\u00e9tiques, alimentaires.<br data-start=\"1480\" data-end=\"1483\" \/><strong data-start=\"1483\" data-end=\"1498\">Avantages :<\/strong> Biod\u00e9gradable, doux, respectueux de l\u2019environnement.<\/p>","protected":false},"excerpt":{"rendered":"<p>ACIDE CITRIQUE Description : Acide organique naturel extrait des agrumes.Fonction : D\u00e9tartrant, r\u00e9gulateur de pH.Applications : Produits m\u00e9nagers, cosm\u00e9tiques, alimentaires.Avantages : Biod\u00e9gradable, doux, respectueux de l\u2019environnement.<\/p>","protected":false},"featured_media":2688,"template":"","meta":[],"product_brand":[],"product_cat":[15],"product_tag":[],"class_list":{"0":"post-2687","1":"product","2":"type-product","3":"status-publish","4":"has-post-thumbnail","6":"product_cat-uncategorized","8":"first","9":"instock","10":"taxable","11":"shipping-taxable","12":"product-type-simple"},"_links":{"self":[{"href":"https:\/\/kymiashop.com\/ar\/wp-json\/wp\/v2\/product\/2687","targetHints":{"allow":["GET"]}}],"collection":[{"href":"https:\/\/kymiashop.com\/ar\/wp-json\/wp\/v2\/product"}],"about":[{"href":"https:\/\/kymiashop.com\/ar\/wp-json\/wp\/v2\/types\/product"}],"wp:featuredmedia":[{"embeddable":true,"href":"https:\/\/kymiashop.com\/ar\/wp-json\/wp\/v2\/media\/2688"}],"wp:attachment":[{"href":"https:\/\/kymiashop.com\/ar\/wp-json\/wp\/v2\/media?parent=2687"}],"wp:term":[{"taxonomy":"product_brand","embeddable":true,"href":"https:\/\/kymiashop.com\/ar\/wp-json\/wp\/v2\/product_brand?post=2687"},{"taxonomy":"product_cat","embeddable":true,"href":"https:\/\/kymiashop.com\/ar\/wp-json\/wp\/v2\/product_cat?post=2687"},{"taxonomy":"product_tag","embeddable":true,"href":"https:\/\/kymiashop.com\/ar\/wp-json\/wp\/v2\/product_tag?post=2687"}],"curies":[{"name":"wp","href":"https:\/\/api.w.org\/{rel}","templated":true}]}}