{"id":2691,"date":"2026-01-22T10:38:46","date_gmt":"2026-01-22T09:38:46","guid":{"rendered":"https:\/\/kymiashop.com\/fr_fr\/?post_type=product&#038;p=2691"},"modified":"2026-01-22T10:38:46","modified_gmt":"2026-01-22T09:38:46","slug":"cetiol-c5","status":"publish","type":"product","link":"https:\/\/kymiashop.com\/ar\/product\/cetiol-c5\/","title":{"rendered":"CETIOL C5"},"content":{"rendered":"<h3 data-start=\"191\" data-end=\"208\"><strong data-start=\"195\" data-end=\"208\">CETIOL C5<\/strong><\/h3>\n<p data-start=\"209\" data-end=\"447\"><strong data-start=\"209\" data-end=\"226\">Description :<\/strong> \u00c9mollient l\u00e9ger d\u2019origine synth\u00e9tique.<br data-start=\"265\" data-end=\"268\" \/><strong data-start=\"268\" data-end=\"282\">Fonction :<\/strong> Am\u00e9liore la glisse et le toucher des formules.<br data-start=\"329\" data-end=\"332\" \/><strong data-start=\"332\" data-end=\"350\">Applications :<\/strong> Cr\u00e8mes, lotions, soins capillaires.<br data-start=\"386\" data-end=\"389\" \/><strong data-start=\"389\" data-end=\"404\">Avantages :<\/strong> Toucher sec, non gras, p\u00e9n\u00e9tration rapide.<\/p>","protected":false},"excerpt":{"rendered":"<p>CETIOL C5 Description : \u00c9mollient l\u00e9ger d\u2019origine synth\u00e9tique.Fonction : Am\u00e9liore la glisse et le toucher des formules.Applications : Cr\u00e8mes, lotions, soins capillaires.Avantages : Toucher sec, non gras, p\u00e9n\u00e9tration rapide.<\/p>","protected":false},"featured_media":2692,"template":"","meta":[],"product_brand":[],"product_cat":[15],"product_tag":[],"class_list":{"0":"post-2691","1":"product","2":"type-product","3":"status-publish","4":"has-post-thumbnail","6":"product_cat-uncategorized","8":"first","9":"instock","10":"taxable","11":"shipping-taxable","12":"purchasable","13":"product-type-simple"},"_links":{"self":[{"href":"https:\/\/kymiashop.com\/ar\/wp-json\/wp\/v2\/product\/2691","targetHints":{"allow":["GET"]}}],"collection":[{"href":"https:\/\/kymiashop.com\/ar\/wp-json\/wp\/v2\/product"}],"about":[{"href":"https:\/\/kymiashop.com\/ar\/wp-json\/wp\/v2\/types\/product"}],"wp:featuredmedia":[{"embeddable":true,"href":"https:\/\/kymiashop.com\/ar\/wp-json\/wp\/v2\/media\/2692"}],"wp:attachment":[{"href":"https:\/\/kymiashop.com\/ar\/wp-json\/wp\/v2\/media?parent=2691"}],"wp:term":[{"taxonomy":"product_brand","embeddable":true,"href":"https:\/\/kymiashop.com\/ar\/wp-json\/wp\/v2\/product_brand?post=2691"},{"taxonomy":"product_cat","embeddable":true,"href":"https:\/\/kymiashop.com\/ar\/wp-json\/wp\/v2\/product_cat?post=2691"},{"taxonomy":"product_tag","embeddable":true,"href":"https:\/\/kymiashop.com\/ar\/wp-json\/wp\/v2\/product_tag?post=2691"}],"curies":[{"name":"wp","href":"https:\/\/api.w.org\/{rel}","templated":true}]}}