{"id":2696,"date":"2026-01-22T11:00:56","date_gmt":"2026-01-22T10:00:56","guid":{"rendered":"https:\/\/kymiashop.com\/fr_fr\/?post_type=product&#038;p=2696"},"modified":"2026-01-22T11:03:42","modified_gmt":"2026-01-22T10:03:42","slug":"md","status":"publish","type":"product","link":"https:\/\/kymiashop.com\/ar\/product\/md\/","title":{"rendered":"MD (Mono-diglyc\u00e9rides)"},"content":{"rendered":"<p><strong data-start=\"25\" data-end=\"51\">MD (Mono-diglyc\u00e9rides)<\/strong><\/p>\n<p><strong data-start=\"92\" data-end=\"109\">Description :<\/strong> \u00c9mulsifiant d\u2019origine lipidique.<br data-start=\"142\" data-end=\"145\" data-is-only-node=\"\" \/><strong data-start=\"145\" data-end=\"159\">Fonction :<\/strong> Facilite la formation et la stabilisation des \u00e9mulsions huile\/eau.<br data-start=\"226\" data-end=\"229\" \/><strong data-start=\"229\" data-end=\"247\">Applications :<\/strong> Soins visage, corps, capillaires et produits cosm\u00e9tiques \u00e9mulsionn\u00e9s.<br data-start=\"317\" data-end=\"320\" \/><strong data-start=\"320\" data-end=\"335\">Avantages :<\/strong> Bonne stabilit\u00e9, am\u00e9liore la texture, compatible avec de nombreuses formules.<\/p>","protected":false},"excerpt":{"rendered":"<p>MD (Mono-diglyc\u00e9rides) Description : \u00c9mulsifiant d\u2019origine lipidique.Fonction : Facilite la formation et la stabilisation des \u00e9mulsions huile\/eau.Applications : Soins visage, corps, capillaires et produits cosm\u00e9tiques \u00e9mulsionn\u00e9s.Avantages : Bonne stabilit\u00e9, am\u00e9liore la texture, compatible avec de nombreuses formules.<\/p>","protected":false},"featured_media":2697,"template":"","meta":[],"product_brand":[],"product_cat":[15],"product_tag":[],"class_list":{"0":"post-2696","1":"product","2":"type-product","3":"status-publish","4":"has-post-thumbnail","6":"product_cat-uncategorized","8":"first","9":"instock","10":"taxable","11":"shipping-taxable","12":"product-type-simple"},"_links":{"self":[{"href":"https:\/\/kymiashop.com\/ar\/wp-json\/wp\/v2\/product\/2696","targetHints":{"allow":["GET"]}}],"collection":[{"href":"https:\/\/kymiashop.com\/ar\/wp-json\/wp\/v2\/product"}],"about":[{"href":"https:\/\/kymiashop.com\/ar\/wp-json\/wp\/v2\/types\/product"}],"wp:featuredmedia":[{"embeddable":true,"href":"https:\/\/kymiashop.com\/ar\/wp-json\/wp\/v2\/media\/2697"}],"wp:attachment":[{"href":"https:\/\/kymiashop.com\/ar\/wp-json\/wp\/v2\/media?parent=2696"}],"wp:term":[{"taxonomy":"product_brand","embeddable":true,"href":"https:\/\/kymiashop.com\/ar\/wp-json\/wp\/v2\/product_brand?post=2696"},{"taxonomy":"product_cat","embeddable":true,"href":"https:\/\/kymiashop.com\/ar\/wp-json\/wp\/v2\/product_cat?post=2696"},{"taxonomy":"product_tag","embeddable":true,"href":"https:\/\/kymiashop.com\/ar\/wp-json\/wp\/v2\/product_tag?post=2696"}],"curies":[{"name":"wp","href":"https:\/\/api.w.org\/{rel}","templated":true}]}}