{"id":2702,"date":"2026-01-22T11:26:56","date_gmt":"2026-01-22T10:26:56","guid":{"rendered":"https:\/\/kymiashop.com\/fr_fr\/?post_type=product&#038;p=2702"},"modified":"2026-01-22T16:45:24","modified_gmt":"2026-01-22T15:45:24","slug":"emulgine-b1","status":"publish","type":"product","link":"https:\/\/kymiashop.com\/ar\/product\/emulgine-b1\/","title":{"rendered":"EMULGINE B1"},"content":{"rendered":"<h3 data-start=\"6396\" data-end=\"6425\"><strong data-start=\"6400\" data-end=\"6425\">EMULGINE B1<\/strong><\/h3>\n<p data-start=\"6426\" data-end=\"6607\"><strong data-start=\"6426\" data-end=\"6443\">Description :<\/strong> \u00c9mulsifiants non ioniques.<br data-start=\"6470\" data-end=\"6473\" \/><strong data-start=\"6473\" data-end=\"6487\">Fonction :<\/strong> Formation et stabilisation des \u00e9mulsions.<br data-start=\"6529\" data-end=\"6532\" \/><strong data-start=\"6532\" data-end=\"6550\">Applications :<\/strong> Cr\u00e8mes, lotions.<br data-start=\"6567\" data-end=\"6570\" \/><strong data-start=\"6570\" data-end=\"6585\">Avantages :<\/strong> Excellente stabilit\u00e9.<\/p>","protected":false},"excerpt":{"rendered":"<p>EMULGINE B1 Description : \u00c9mulsifiants non ioniques.Fonction : Formation et stabilisation des \u00e9mulsions.Applications : Cr\u00e8mes, lotions.Avantages : Excellente stabilit\u00e9.<\/p>","protected":false},"featured_media":2733,"template":"","meta":[],"product_brand":[],"product_cat":[15],"product_tag":[],"class_list":{"0":"post-2702","1":"product","2":"type-product","3":"status-publish","4":"has-post-thumbnail","6":"product_cat-uncategorized","8":"first","9":"instock","10":"taxable","11":"shipping-taxable","12":"product-type-simple"},"_links":{"self":[{"href":"https:\/\/kymiashop.com\/ar\/wp-json\/wp\/v2\/product\/2702","targetHints":{"allow":["GET"]}}],"collection":[{"href":"https:\/\/kymiashop.com\/ar\/wp-json\/wp\/v2\/product"}],"about":[{"href":"https:\/\/kymiashop.com\/ar\/wp-json\/wp\/v2\/types\/product"}],"wp:featuredmedia":[{"embeddable":true,"href":"https:\/\/kymiashop.com\/ar\/wp-json\/wp\/v2\/media\/2733"}],"wp:attachment":[{"href":"https:\/\/kymiashop.com\/ar\/wp-json\/wp\/v2\/media?parent=2702"}],"wp:term":[{"taxonomy":"product_brand","embeddable":true,"href":"https:\/\/kymiashop.com\/ar\/wp-json\/wp\/v2\/product_brand?post=2702"},{"taxonomy":"product_cat","embeddable":true,"href":"https:\/\/kymiashop.com\/ar\/wp-json\/wp\/v2\/product_cat?post=2702"},{"taxonomy":"product_tag","embeddable":true,"href":"https:\/\/kymiashop.com\/ar\/wp-json\/wp\/v2\/product_tag?post=2702"}],"curies":[{"name":"wp","href":"https:\/\/api.w.org\/{rel}","templated":true}]}}